{"id":34681,"date":"2020-03-31T12:56:14","date_gmt":"2020-03-31T12:56:14","guid":{"rendered":"https:\/\/jums.academy\/f-frauendorf\/"},"modified":"2022-10-17T14:21:41","modified_gmt":"2022-10-17T14:21:41","slug":"f-frauendorf","status":"publish","type":"page","link":"https:\/\/jums.academy\/en\/f-frauendorf\/","title":{"rendered":"F. Frauendorf"},"content":{"rendered":"<p><div class=\"fusion-fullwidth fullwidth-box fusion-builder-row-1 hundred-percent-fullwidth non-hundred-percent-height-scrolling\" style=\"--awb-border-radius-top-left:0px;--awb-border-radius-top-right:0px;--awb-border-radius-bottom-right:0px;--awb-border-radius-bottom-left:0px;--awb-overflow:visible;--awb-flex-wrap:wrap;\" ><div class=\"fusion-builder-row fusion-row\"><div class=\"fusion-layout-column fusion_builder_column fusion-builder-column-0 fusion_builder_column_1_1 1_1 fusion-one-full fusion-column-first fusion-column-last fusion-column-no-min-height\" style=\"--awb-bg-size:cover;\"><div class=\"fusion-column-wrapper fusion-flex-column-wrapper-legacy\"><div class=\"fusion-layout-column fusion_builder_column fusion-builder-column-1 fusion_builder_column_1_1 1_1 fusion-one-full fusion-column-first fusion-column-last\" style=\"--awb-bg-size:cover;\"><div class=\"fusion-column-wrapper fusion-flex-column-wrapper-legacy\"><div class=\"fusion-clearfix\"><\/div><\/div><\/div>\n<div class=\"fusion-clearfix\"><\/div><\/div><\/div><\/div><\/div><div class=\"fusion-fullwidth fullwidth-box fusion-builder-row-2 nonhundred-percent-fullwidth non-hundred-percent-height-scrolling\" style=\"--awb-background-position:left top;--awb-border-radius-top-left:0px;--awb-border-radius-top-right:0px;--awb-border-radius-bottom-right:0px;--awb-border-radius-bottom-left:0px;--awb-padding-top:0px;--awb-padding-bottom:0px;--awb-border-sizes-top:0px;--awb-border-sizes-bottom:0px;--awb-flex-wrap:wrap;\" ><div class=\"fusion-builder-row fusion-row\"><div class=\"fusion-layout-column fusion_builder_column fusion-builder-column-2 fusion_builder_column_1_1 1_1 fusion-one-full fusion-column-first fusion-column-last fusion-column-no-min-height\" style=\"--awb-bg-size:cover;\"><div class=\"fusion-column-wrapper fusion-flex-column-wrapper-legacy\"><div class=\"fusion-text fusion-text-1\"><p data-fontsize=\"18\" data-lineheight=\"24\">Junior Management Science, Volume 5, Issue 1, March 2020, 118-147<\/p>\n<h4 data-fontsize=\"18\" data-lineheight=\"24\"><strong>Die aktuelle \u00c4nderung der umsatzsteuerrechtlichen Behandlung wirtschaftlicher T\u00e4tigkeiten von juristischen Personen des \u00f6ffentlichen Rechts<br \/>\n<\/strong><\/h4>\n<p><strong>Felix Frauendorf, Universit\u00e4t Siegen (Masterarbeit)<\/strong><\/p>\n<\/div><div class=\"fusion-clearfix\"><\/div><\/div><\/div><\/div><\/div><div class=\"fusion-fullwidth fullwidth-box fusion-builder-row-3 hundred-percent-fullwidth non-hundred-percent-height-scrolling\" style=\"--awb-border-radius-top-left:0px;--awb-border-radius-top-right:0px;--awb-border-radius-bottom-right:0px;--awb-border-radius-bottom-left:0px;--awb-margin-top:10px;--awb-flex-wrap:wrap;\" ><div class=\"fusion-builder-row fusion-row\"><div class=\"fusion-layout-column fusion_builder_column fusion-builder-column-3 fusion_builder_column_1_1 1_1 fusion-one-full fusion-column-first fusion-column-last fusion-column-no-min-height\" style=\"--awb-bg-size:cover;\"><div class=\"fusion-column-wrapper fusion-flex-column-wrapper-legacy\"><div class=\"fusion-text fusion-text-2\"><p><strong>Abstract<br \/><\/strong>Der \u00a7 2b UStG setzt f\u00fcr die juristischen Personen des \u00f6ffentlichen Rechts die Mehrwertsteuer-Systemrichtlinie in deutsches Recht um und l\u00f6ste die alte systemwidrige Rechtslage des \u00a7 2 Abs. 3 UStG ab. Die juristischen Personen des \u00f6ffentlichen Rechts m\u00fcssen daher bei jeder Leistung pr\u00fcfen, ob sich der Umfang ihrer Umsatzbesteuerung ge\u00e4ndert hat bzw. \u00e4ndern wird unter dem Gesichtspunkt der Wettbewerbsverzerrung.<br \/>Die Arbeit untersucht daher, welche \u00c4nderung der \u00a7 2b UStG auf die umsatzsteuerliche Behandlung von wirtschaftlichen T\u00e4tigkeiten von juristischen Personen des \u00f6ffentlichen Rechts hat und wie sich diese auswirken. Die Arbeit stellt die Grundz\u00fcge der Umsatzbesteuerung, die Umsatzbesteuerung nach alter und nach neuer Rechtslage dar. Abschlie\u00dfend wird der Umstellungsprozess zur neuen Rechtslage dargestellt.<br \/>Als Ergebnis kann festgestellt werden, dass die unternehmerische Bet\u00e4tigung von juristischen Personen des \u00f6ffentlichen Rechts sich vergr\u00f6\u00dfern wird, da jede einzelne Leistung untersucht werden muss. Hierdurch kann es zu Fehleinsch\u00e4tzungen bei der Leistungszuordnung kommen, was zu einer falschen Umsatzsteuerdeklaration f\u00fchrt. Auf der anderen Seite kann das Volumen des Vorsteuerabzuges sich erh\u00f6hen. Es bleibt abzuwarten, ob der \u00a7 2b UStG europarechtskonform ist.<\/p>\n<\/div><div class=\"fusion-text fusion-text-3\"><p><em>Keywords: Umsatzbesteuerung; juristische Person des \u00f6ffentlichen Rechts; \u00a7 2b UstG; Mehrwertsteuer-Systemrichtlinie; Umstellungskonzept.<br \/>\n<\/em><\/p>\n<\/div><div class=\"fusion-text fusion-text-4\"><p><em>DOI:\u00a0 <a href=\"https:\/\/doi.org\/10.5282\/jums\/v5i1pp118-147\">https:\/\/doi.org\/10.5282\/jums\/v5i1pp118-147<\/a><\/em><\/p>\n<\/div><div class=\"fusion-clearfix\"><\/div><\/div><\/div><div class=\"fusion-layout-column fusion_builder_column fusion-builder-column-4 fusion_builder_column_1_1 1_1 fusion-one-full fusion-column-first fusion-column-last fusion-column-no-min-height\" style=\"--awb-bg-size:cover;\"><div class=\"fusion-column-wrapper fusion-flex-column-wrapper-legacy\"><div style=\"width: 350px; height: 24px; \">\r\n\r\n<\/div><div class=\"fusion-clearfix\"><\/div><\/div><\/div><div class=\"fusion-layout-column fusion_builder_column fusion-builder-column-5 fusion_builder_column_1_1 1_1 fusion-one-full fusion-column-first fusion-column-last fusion-column-no-min-height\" style=\"--awb-bg-size:cover;\"><div class=\"fusion-column-wrapper fusion-flex-column-wrapper-legacy\"><div class=\"fusion-alignright\"><a class=\"fusion-button button-flat fusion-button-default-size button-custom fusion-button-default button-1 fusion-button-default-span fusion-button-default-type\" style=\"--button_accent_color:#ffffff;--button_accent_hover_color:#ffffff;--button_border_hover_color:#96c346;--button_gradient_top_color:#447c4d;--button_gradient_bottom_color:#447c4d;--button_gradient_top_color_hover:#96c346;--button_gradient_bottom_color_hover:#96c346;\" target=\"_blank\" rel=\"noopener noreferrer\" href=\"https:\/\/jums.academy\/wp-content\/uploads\/2020\/03\/MA_Frauendorf-1.pdf\"><span class=\"fusion-button-text awb-button__text awb-button__text--default\">Read issue<\/span><\/a><\/div><div class=\"fusion-alignright\"><a class=\"fusion-button button-flat fusion-button-default-size button-custom fusion-button-default button-2 fusion-button-default-span fusion-button-default-type\" style=\"--button_accent_color:#ffffff;--button_accent_hover_color:#ffffff;--button_border_hover_color:#96c346;--button_gradient_top_color:#447c4d;--button_gradient_bottom_color:#447c4d;--button_gradient_top_color_hover:#96c346;--button_gradient_bottom_color_hover:#96c346;\" target=\"_blank\" rel=\"noopener noreferrer\" href=\"https:\/\/jums.academy\/wp-content\/uploads\/2020\/03\/A_Frauendorf-1.pdf\"><span class=\"fusion-button-text awb-button__text awb-button__text--default\">Read Appendix<\/span><\/a><\/div><div class=\"fusion-alignright\"><a class=\"fusion-button button-flat fusion-button-default-size button-custom fusion-button-default button-3 fusion-button-default-span fusion-button-default-type\" style=\"--button_accent_color:#ffffff;--button_accent_hover_color:#ffffff;--button_border_hover_color:#96c346;--button_gradient_top_color:#447c4d;--button_gradient_bottom_color:#447c4d;--button_gradient_top_color_hover:#96c346;--button_gradient_bottom_color_hover:#96c346;\" target=\"_blank\" rel=\"noopener noreferrer\" href=\"https:\/\/doi.org\/10.5282\/jums\/v5i1pp118-147\"><span class=\"fusion-button-text awb-button__text awb-button__text--default\">Quote<\/span><\/a><\/div><div class=\"fusion-clearfix\"><\/div><\/div><\/div><\/div><\/div><div class=\"fusion-fullwidth fullwidth-box fusion-builder-row-4 nonhundred-percent-fullwidth non-hundred-percent-height-scrolling\" style=\"--awb-background-position:left top;--awb-border-radius-top-left:0px;--awb-border-radius-top-right:0px;--awb-border-radius-bottom-right:0px;--awb-border-radius-bottom-left:0px;--awb-padding-top:20px;--awb-padding-bottom:20px;--awb-border-sizes-top:0px;--awb-border-sizes-bottom:0px;--awb-flex-wrap:wrap;\" ><div class=\"fusion-builder-row fusion-row\"><\/div><\/div><div class=\"fusion-fullwidth fullwidth-box fusion-builder-row-5 hundred-percent-fullwidth non-hundred-percent-height-scrolling\" style=\"--awb-border-radius-top-left:0px;--awb-border-radius-top-right:0px;--awb-border-radius-bottom-right:0px;--awb-border-radius-bottom-left:0px;--awb-overflow:visible;--awb-flex-wrap:wrap;\" ><div class=\"fusion-builder-row fusion-row\"><div class=\"fusion-layout-column fusion_builder_column fusion-builder-column-6 fusion_builder_column_1_1 1_1 fusion-one-full fusion-column-first fusion-column-last fusion-column-no-min-height\" style=\"--awb-bg-size:cover;\"><div class=\"fusion-column-wrapper fusion-flex-column-wrapper-legacy\"><div style=\"width: 350px; height: 120px;\"><\/div><div class=\"fusion-clearfix\"><\/div><\/div><\/div><\/div><\/div><\/p>\n","protected":false},"excerpt":{"rendered":"","protected":false},"author":4889,"featured_media":0,"parent":0,"menu_order":0,"comment_status":"closed","ping_status":"closed","template":"","meta":{"jetpack_post_was_ever_published":false,"footnotes":""},"class_list":["post-34681","page","type-page","status-publish","hentry"],"jetpack_shortlink":"https:\/\/wp.me\/P7lBbr-91n","jetpack-related-posts":[],"jetpack_sharing_enabled":true,"_links":{"self":[{"href":"https:\/\/jums.academy\/en\/wp-json\/wp\/v2\/pages\/34681","targetHints":{"allow":["GET"]}}],"collection":[{"href":"https:\/\/jums.academy\/en\/wp-json\/wp\/v2\/pages"}],"about":[{"href":"https:\/\/jums.academy\/en\/wp-json\/wp\/v2\/types\/page"}],"author":[{"embeddable":true,"href":"https:\/\/jums.academy\/en\/wp-json\/wp\/v2\/users\/4889"}],"replies":[{"embeddable":true,"href":"https:\/\/jums.academy\/en\/wp-json\/wp\/v2\/comments?post=34681"}],"version-history":[{"count":2,"href":"https:\/\/jums.academy\/en\/wp-json\/wp\/v2\/pages\/34681\/revisions"}],"predecessor-version":[{"id":47688,"href":"https:\/\/jums.academy\/en\/wp-json\/wp\/v2\/pages\/34681\/revisions\/47688"}],"wp:attachment":[{"href":"https:\/\/jums.academy\/en\/wp-json\/wp\/v2\/media?parent=34681"}],"curies":[{"name":"wp","href":"https:\/\/api.w.org\/{rel}","templated":true}]}}