{"id":34700,"date":"2020-03-31T14:16:25","date_gmt":"2020-03-31T14:16:25","guid":{"rendered":"https:\/\/jums.academy\/v-springer\/"},"modified":"2022-10-17T14:21:36","modified_gmt":"2022-10-17T14:21:36","slug":"v-springer","status":"publish","type":"page","link":"https:\/\/jums.academy\/en\/v-springer\/","title":{"rendered":"V. Springer"},"content":{"rendered":"<p><div class=\"fusion-fullwidth fullwidth-box fusion-builder-row-1 hundred-percent-fullwidth non-hundred-percent-height-scrolling\" style=\"--awb-border-radius-top-left:0px;--awb-border-radius-top-right:0px;--awb-border-radius-bottom-right:0px;--awb-border-radius-bottom-left:0px;--awb-overflow:visible;--awb-flex-wrap:wrap;\" ><div class=\"fusion-builder-row fusion-row\"><div class=\"fusion-layout-column fusion_builder_column fusion-builder-column-0 fusion_builder_column_1_1 1_1 fusion-one-full fusion-column-first fusion-column-last fusion-column-no-min-height\" style=\"--awb-bg-size:cover;\"><div class=\"fusion-column-wrapper fusion-flex-column-wrapper-legacy\"><div class=\"fusion-layout-column fusion_builder_column fusion-builder-column-1 fusion_builder_column_1_1 1_1 fusion-one-full fusion-column-first fusion-column-last\" style=\"--awb-bg-size:cover;\"><div class=\"fusion-column-wrapper fusion-column-has-shadow fusion-flex-column-wrapper-legacy\"><div class=\"fusion-clearfix\"><\/div><\/div><\/div>\n<div class=\"fusion-clearfix\"><\/div><\/div><\/div><\/div><\/div><div class=\"fusion-fullwidth fullwidth-box fusion-builder-row-2 nonhundred-percent-fullwidth non-hundred-percent-height-scrolling\" style=\"--awb-background-position:left top;--awb-border-radius-top-left:0px;--awb-border-radius-top-right:0px;--awb-border-radius-bottom-right:0px;--awb-border-radius-bottom-left:0px;--awb-padding-top:0px;--awb-padding-bottom:0px;--awb-border-sizes-top:0px;--awb-border-sizes-bottom:0px;--awb-flex-wrap:wrap;\" ><div class=\"fusion-builder-row fusion-row\"><div class=\"fusion-layout-column fusion_builder_column fusion-builder-column-2 fusion_builder_column_1_1 1_1 fusion-one-full fusion-column-first fusion-column-last fusion-column-no-min-height\" style=\"--awb-bg-size:cover;\"><div class=\"fusion-column-wrapper fusion-flex-column-wrapper-legacy\"><div class=\"fusion-text fusion-text-1\"><p data-fontsize=\"18\" data-lineheight=\"24\">Junior Management Science, Volume 4, Issue 3, September 2019, 392-421<\/p>\n<h4 data-fontsize=\"18\" data-lineheight=\"24\"><strong>Bewertung der \u00dcbertragbarkeit von neuronalen Studienergebnissen auf einen Accounting-Kontext<\/strong><\/h4>\n<p><strong>Virginia Springer, Universit\u00e4t Stuttgart (Bachelorarbeit)<\/strong><\/p>\n<\/div><div class=\"fusion-clearfix\"><\/div><\/div><\/div><\/div><\/div><div class=\"fusion-fullwidth fullwidth-box fusion-builder-row-3 hundred-percent-fullwidth non-hundred-percent-height-scrolling\" style=\"--awb-border-radius-top-left:0px;--awb-border-radius-top-right:0px;--awb-border-radius-bottom-right:0px;--awb-border-radius-bottom-left:0px;--awb-margin-top:10px;--awb-flex-wrap:wrap;\" ><div class=\"fusion-builder-row fusion-row\"><div class=\"fusion-layout-column fusion_builder_column fusion-builder-column-3 fusion_builder_column_1_1 1_1 fusion-one-full fusion-column-first fusion-column-last fusion-column-no-min-height\" style=\"--awb-bg-size:cover;\"><div class=\"fusion-column-wrapper fusion-flex-column-wrapper-legacy\"><div class=\"fusion-text fusion-text-2\"><p><strong>Abstract<br \/>\n<\/strong>Erkenntnisse zu physiologischer und neuronaler Aktivit\u00e4t im Gehirn als grundlegende Ausl\u00f6ser \u00f6konomischer Entscheidungen finden vermehrt Zuspruch in der betriebswirtschaftlichen Forschung. Ein noch junges Forschungsfeld stellt dabei das Neuroaccounting dar, welches zentrale verhaltens- und neurowissenschaftliche Erkenntnisse mit Grunds\u00e4tzen des Accounting und der Psychologie verkn\u00fcpft. Das Ziel dieser Arbeit ist, einen umfassenden \u00dcberblick \u00fcber das emergierende Feld des Neuroaccounting zugeben. Vor diesem Hintergrund wird dargestellt, inwiefern neurowissenschaftliche Erkenntnisse in einem Accounting-Kontext untersucht und \u00fcbertragen werden und ob aufgrund kontextspezifischer Ver\u00e4nderungen Limitationen bei der \u00dcbertragung bestehen k\u00f6nnen. Hierzu werden die thematischen Zusammenh\u00e4nge umfassend durch eine systematische Literaturanalyse aufbereitet. Die daraus resultierenden Ergebnisse zeigen, dass in einem Accounting-Kontext weitgehend auf neurowissenschaftliche Erkenntnisse verwiesen werden, welche in einem Nicht-Accounting-Kontext gefunden wurden. Die kritische Betrachtung der Ergebnisse verdeutlicht, dass vor allem stichprobenrelevante St\u00f6rvariablen sowie kontextspezifische psychologische Effekte zu Limitationen bei der \u00dcbertragung f\u00fchren. Folglich ist eine Kontextabh\u00e4ngigkeit bei der bestehenden \u00dcbertragung neurowissenschaftlicher Erkenntnisse auf einen Accounting-Kontext gegeben, welche je nach Studiendesign im Kontext der eigentlichen Untersuchung zu ber\u00fccksichtigen ist.<\/p>\n<\/div><div class=\"fusion-text fusion-text-3\"><p><em>Keywords: neuroaccounting; decision making; contextuality; cognitive neuroscience; human brain.<\/em><\/p>\n<\/div><div class=\"fusion-text fusion-text-4\"><p><em>DOI:\u00a0 <a href=\"https:\/\/doi.org\/10.5282\/jums\/v4i3pp392-421\">https:\/\/doi.org\/10.5282\/jums\/v4i3pp392-421<\/a><\/em><\/p>\n<\/div><div class=\"fusion-clearfix\"><\/div><\/div><\/div><div class=\"fusion-layout-column fusion_builder_column fusion-builder-column-4 fusion_builder_column_1_1 1_1 fusion-one-full fusion-column-first fusion-column-last fusion-column-no-min-height\" style=\"--awb-bg-size:cover;\"><div class=\"fusion-column-wrapper fusion-flex-column-wrapper-legacy\"><div style=\"width: 350px; height: 24px; \">\r\n\r\n<\/div><div class=\"fusion-clearfix\"><\/div><\/div><\/div><div class=\"fusion-layout-column fusion_builder_column fusion-builder-column-5 fusion_builder_column_1_1 1_1 fusion-one-full fusion-column-first fusion-column-last fusion-column-no-min-height\" style=\"--awb-bg-size:cover;\"><div class=\"fusion-column-wrapper fusion-flex-column-wrapper-legacy\"><div class=\"fusion-alignright\"><a class=\"fusion-button button-flat fusion-button-default-size button-custom fusion-button-default button-1 fusion-button-default-span fusion-button-default-type\" style=\"--button_accent_color:#ffffff;--button_accent_hover_color:#ffffff;--button_border_hover_color:#96c346;--button_gradient_top_color:#447c4d;--button_gradient_bottom_color:#447c4d;--button_gradient_top_color_hover:#96c346;--button_gradient_bottom_color_hover:#96c346;\" target=\"_blank\" rel=\"noopener noreferrer\" href=\"https:\/\/jums.academy\/wp-content\/uploads\/2019\/09\/BA_Springer.pdf\"><span class=\"fusion-button-text awb-button__text awb-button__text--default\">Read issue<\/span><\/a><\/div><div class=\"fusion-alignright\"><a class=\"fusion-button button-flat fusion-button-default-size button-custom fusion-button-default button-2 fusion-button-default-span fusion-button-default-type\" style=\"--button_accent_color:#ffffff;--button_accent_hover_color:#ffffff;--button_border_hover_color:#96c346;--button_gradient_top_color:#447c4d;--button_gradient_bottom_color:#447c4d;--button_gradient_top_color_hover:#96c346;--button_gradient_bottom_color_hover:#96c346;\" target=\"_blank\" rel=\"noopener noreferrer\" href=\"https:\/\/jums.academy\/wp-content\/uploads\/2019\/09\/A_Springer.pdf\"><span class=\"fusion-button-text awb-button__text awb-button__text--default\">Read Appendix<\/span><\/a><\/div><div class=\"fusion-alignright\"><a class=\"fusion-button button-flat fusion-button-default-size button-custom fusion-button-default button-3 fusion-button-default-span fusion-button-default-type\" style=\"--button_accent_color:#ffffff;--button_accent_hover_color:#ffffff;--button_border_hover_color:#96c346;--button_gradient_top_color:#447c4d;--button_gradient_bottom_color:#447c4d;--button_gradient_top_color_hover:#96c346;--button_gradient_bottom_color_hover:#96c346;\" target=\"_blank\" rel=\"noopener noreferrer\" href=\"https:\/\/doi.org\/10.5282\/jums\/v4i3pp392-421\"><span class=\"fusion-button-text awb-button__text awb-button__text--default\">Quote<\/span><\/a><\/div><div class=\"fusion-clearfix\"><\/div><\/div><\/div><\/div><\/div><div class=\"fusion-fullwidth fullwidth-box fusion-builder-row-4 nonhundred-percent-fullwidth non-hundred-percent-height-scrolling\" style=\"--awb-background-position:left top;--awb-border-radius-top-left:0px;--awb-border-radius-top-right:0px;--awb-border-radius-bottom-right:0px;--awb-border-radius-bottom-left:0px;--awb-padding-top:20px;--awb-padding-bottom:20px;--awb-border-sizes-top:0px;--awb-border-sizes-bottom:0px;--awb-flex-wrap:wrap;\" ><div class=\"fusion-builder-row fusion-row\"><\/div><\/div><div class=\"fusion-fullwidth fullwidth-box fusion-builder-row-5 hundred-percent-fullwidth non-hundred-percent-height-scrolling\" style=\"--awb-border-radius-top-left:0px;--awb-border-radius-top-right:0px;--awb-border-radius-bottom-right:0px;--awb-border-radius-bottom-left:0px;--awb-overflow:visible;--awb-flex-wrap:wrap;\" ><div class=\"fusion-builder-row fusion-row\"><div class=\"fusion-layout-column fusion_builder_column fusion-builder-column-6 fusion_builder_column_1_1 1_1 fusion-one-full fusion-column-first fusion-column-last fusion-column-no-min-height\" style=\"--awb-bg-size:cover;\"><div class=\"fusion-column-wrapper fusion-flex-column-wrapper-legacy\"><div style=\"width: 350px; height: 120px;\"><\/div><div class=\"fusion-clearfix\"><\/div><\/div><\/div><\/div><\/div><\/p>\n","protected":false},"excerpt":{"rendered":"","protected":false},"author":3,"featured_media":0,"parent":0,"menu_order":0,"comment_status":"closed","ping_status":"closed","template":"","meta":{"jetpack_post_was_ever_published":false,"footnotes":""},"class_list":["post-34700","page","type-page","status-publish","hentry"],"jetpack_shortlink":"https:\/\/wp.me\/P7lBbr-91G","jetpack-related-posts":[],"jetpack_sharing_enabled":true,"_links":{"self":[{"href":"https:\/\/jums.academy\/en\/wp-json\/wp\/v2\/pages\/34700","targetHints":{"allow":["GET"]}}],"collection":[{"href":"https:\/\/jums.academy\/en\/wp-json\/wp\/v2\/pages"}],"about":[{"href":"https:\/\/jums.academy\/en\/wp-json\/wp\/v2\/types\/page"}],"author":[{"embeddable":true,"href":"https:\/\/jums.academy\/en\/wp-json\/wp\/v2\/users\/3"}],"replies":[{"embeddable":true,"href":"https:\/\/jums.academy\/en\/wp-json\/wp\/v2\/comments?post=34700"}],"version-history":[{"count":4,"href":"https:\/\/jums.academy\/en\/wp-json\/wp\/v2\/pages\/34700\/revisions"}],"predecessor-version":[{"id":47684,"href":"https:\/\/jums.academy\/en\/wp-json\/wp\/v2\/pages\/34700\/revisions\/47684"}],"wp:attachment":[{"href":"https:\/\/jums.academy\/en\/wp-json\/wp\/v2\/media?parent=34700"}],"curies":[{"name":"wp","href":"https:\/\/api.w.org\/{rel}","templated":true}]}}