{"id":34708,"date":"2020-03-31T14:26:18","date_gmt":"2020-03-31T14:26:18","guid":{"rendered":"https:\/\/jums.academy\/a-dueker\/"},"modified":"2021-02-05T08:50:34","modified_gmt":"2021-02-05T08:50:34","slug":"a-dueker","status":"publish","type":"page","link":"https:\/\/jums.academy\/en\/a-dueker\/","title":{"rendered":"A. D\u00fcker"},"content":{"rendered":"<p><div class=\"fusion-fullwidth fullwidth-box fusion-builder-row-1 hundred-percent-fullwidth non-hundred-percent-height-scrolling\" style=\"--awb-border-radius-top-left:0px;--awb-border-radius-top-right:0px;--awb-border-radius-bottom-right:0px;--awb-border-radius-bottom-left:0px;--awb-overflow:visible;--awb-flex-wrap:wrap;\" ><div class=\"fusion-builder-row fusion-row\"><div class=\"fusion-layout-column fusion_builder_column fusion-builder-column-0 fusion_builder_column_1_1 1_1 fusion-one-full fusion-column-first fusion-column-last fusion-column-no-min-height\" style=\"--awb-bg-size:cover;\"><div class=\"fusion-column-wrapper fusion-flex-column-wrapper-legacy\"><div class=\"fusion-layout-column fusion_builder_column fusion-builder-column-1 fusion_builder_column_1_1 1_1 fusion-one-full fusion-column-first fusion-column-last\" style=\"--awb-bg-size:cover;\"><div class=\"fusion-column-wrapper fusion-column-has-shadow fusion-flex-column-wrapper-legacy\"><div class=\"fusion-clearfix\"><\/div><\/div><\/div>\n<div class=\"fusion-clearfix\"><\/div><\/div><\/div><\/div><\/div><div class=\"fusion-fullwidth fullwidth-box fusion-builder-row-2 nonhundred-percent-fullwidth non-hundred-percent-height-scrolling\" style=\"--awb-background-position:left top;--awb-border-radius-top-left:0px;--awb-border-radius-top-right:0px;--awb-border-radius-bottom-right:0px;--awb-border-radius-bottom-left:0px;--awb-padding-top:0px;--awb-padding-bottom:0px;--awb-border-sizes-top:0px;--awb-border-sizes-bottom:0px;--awb-flex-wrap:wrap;\" ><div class=\"fusion-builder-row fusion-row\"><div class=\"fusion-layout-column fusion_builder_column fusion-builder-column-2 fusion_builder_column_1_1 1_1 fusion-one-full fusion-column-first fusion-column-last fusion-column-no-min-height\" style=\"--awb-bg-size:cover;\"><div class=\"fusion-column-wrapper fusion-flex-column-wrapper-legacy\"><div class=\"fusion-text fusion-text-1\"><p data-fontsize=\"18\" data-lineheight=\"24\">Junior Management Science, Volume 4, Issue 3, September 2019, 460-477<\/p>\n<h4 data-fontsize=\"18\" data-lineheight=\"24\"><strong>Das Management von Produktr\u00fcckrufen: Einflussfaktoren auf die R\u00fcckholung von Verbraucherprodukten<\/strong><\/h4>\n<p><strong>Annalena D\u00fcker, Freie Universit\u00e4t Berlin (Bachelorarbeit)<\/strong><\/p>\n<\/div><div class=\"fusion-clearfix\"><\/div><\/div><\/div><\/div><\/div><div class=\"fusion-fullwidth fullwidth-box fusion-builder-row-3 hundred-percent-fullwidth non-hundred-percent-height-scrolling\" style=\"--awb-border-radius-top-left:0px;--awb-border-radius-top-right:0px;--awb-border-radius-bottom-right:0px;--awb-border-radius-bottom-left:0px;--awb-margin-top:10px;--awb-flex-wrap:wrap;\" ><div class=\"fusion-builder-row fusion-row\"><div class=\"fusion-layout-column fusion_builder_column fusion-builder-column-3 fusion_builder_column_1_1 1_1 fusion-one-full fusion-column-first fusion-column-last fusion-column-no-min-height\" style=\"--awb-bg-size:cover;\"><div class=\"fusion-column-wrapper fusion-flex-column-wrapper-legacy\"><div class=\"fusion-text fusion-text-2\"><p><strong>Abstract<br \/>\n<\/strong>Immer mehr Produkte werden wegen sicherheitsrelevanter M\u00e4ngel zur\u00fcckgerufen. Doch trotz gr\u00f6\u00dfter unternehmerischer Bem\u00fchungen, die eigenen Produkte mit einem m\u00f6glichst gro\u00dfen Sicherheits- und Qualit\u00e4tsanspruch in den Verkehr zu bringen, sind Fehler nie vollst\u00e4ndig auszuschlie\u00dfen. Produktr\u00fcckrufe geh\u00f6ren zur gesch\u00e4ftlichen Realit\u00e4t. Tritt der Ernstfall eines Produktr\u00fcckrufes ein, geht es in erster Linie um die Sicherheit der Konsumenten, aber auch um immensen Reputationsschaden und hohen Aufwendungen f\u00fcr das betroffene Unternehmen. Ziel der vorliegenden wissenschaftlichen Arbeit ist es, den Prozess eines erfolgreichen Produktr\u00fcckrufes zu untersuchen und Ma\u00dfnahmen abzuleiten, die ein Unternehmen pr\u00e4ventiv und w\u00e4hrend eines R\u00fcckrufes ergreifen muss um alle betroffenen Produkte erfolgreich aus dem Markt zu entfernen. Basierend auf Erkenntnissen der aktuellen Produktr\u00fcckrufforschung und der einschl\u00e4gigen Gesetzgebung werden organisatorische, rechtliche sowie verhaltenswissenschaftliche Einflussfaktoren identifiziert, die ber\u00fccksichtigt werden m\u00fcssen, um eine vollst\u00e4ndige R\u00fcckholung aller Produkte aus dem Markt zu gew\u00e4hrleisten.<\/p>\n<\/div><div class=\"fusion-text fusion-text-3\"><p><em>Keywords: Produktr\u00fcckruf; R\u00fcckrufmanagement; Krisenmanagement; Konsumentenverhalten; Produktkrise.<\/em><\/p>\n<\/div><div class=\"fusion-text fusion-text-4\"><p><em>DOI:\u00a0 <a href=\"https:\/\/doi.org\/10.5282\/jums\/v4i2pp460-478\">https:\/\/doi.org\/10.5282\/jums\/v4i2pp460-477<\/a><\/em><\/p>\n<\/div><div class=\"fusion-clearfix\"><\/div><\/div><\/div><div class=\"fusion-layout-column fusion_builder_column fusion-builder-column-4 fusion_builder_column_1_1 1_1 fusion-one-full fusion-column-first fusion-column-last fusion-column-no-min-height\" style=\"--awb-bg-size:cover;\"><div class=\"fusion-column-wrapper fusion-flex-column-wrapper-legacy\"><div style=\"width: 350px; height: 24px; \">\r\n\r\n<\/div><div class=\"fusion-clearfix\"><\/div><\/div><\/div><div class=\"fusion-layout-column fusion_builder_column fusion-builder-column-5 fusion_builder_column_1_1 1_1 fusion-one-full fusion-column-first fusion-column-last fusion-column-no-min-height\" style=\"--awb-bg-size:cover;\"><div class=\"fusion-column-wrapper fusion-flex-column-wrapper-legacy\"><div class=\"fusion-alignright\"><a class=\"fusion-button button-flat fusion-button-default-size button-custom fusion-button-default button-1 fusion-button-default-span fusion-button-default-type\" style=\"--button_accent_color:#ffffff;--button_accent_hover_color:#ffffff;--button_border_hover_color:#96c346;--button_gradient_top_color:#447c4d;--button_gradient_bottom_color:#447c4d;--button_gradient_top_color_hover:#96c346;--button_gradient_bottom_color_hover:#96c346;\" target=\"_blank\" rel=\"noopener noreferrer\" href=\"https:\/\/jums.academy\/wp-content\/uploads\/2019\/09\/BA_Dueker.pdf\"><span class=\"fusion-button-text awb-button__text awb-button__text--default\">Read issue<\/span><\/a><\/div><div class=\"fusion-alignright\"><a class=\"fusion-button button-flat fusion-button-default-size button-custom fusion-button-default button-2 fusion-button-default-span fusion-button-default-type\" style=\"--button_accent_color:#ffffff;--button_accent_hover_color:#ffffff;--button_border_hover_color:#96c346;--button_gradient_top_color:#447c4d;--button_gradient_bottom_color:#447c4d;--button_gradient_top_color_hover:#96c346;--button_gradient_bottom_color_hover:#96c346;\" target=\"_blank\" rel=\"noopener noreferrer\" href=\"https:\/\/jums.academy\/wp-content\/uploads\/2019\/09\/A_Dueker.pdf\"><span class=\"fusion-button-text awb-button__text awb-button__text--default\">Read Appendix<\/span><\/a><\/div><div class=\"fusion-alignright\"><a class=\"fusion-button button-flat fusion-button-default-size button-custom fusion-button-default button-3 fusion-button-default-span fusion-button-default-type\" style=\"--button_accent_color:#ffffff;--button_accent_hover_color:#ffffff;--button_border_hover_color:#96c346;--button_gradient_top_color:#447c4d;--button_gradient_bottom_color:#447c4d;--button_gradient_top_color_hover:#96c346;--button_gradient_bottom_color_hover:#96c346;\" target=\"_blank\" rel=\"noopener noreferrer\" href=\"https:\/\/doi.org\/10.5282\/jums\/v4i2pp460-477\"><span class=\"fusion-button-text awb-button__text awb-button__text--default\">Quote<\/span><\/a><\/div><div class=\"fusion-clearfix\"><\/div><\/div><\/div><\/div><\/div><div class=\"fusion-fullwidth fullwidth-box fusion-builder-row-4 nonhundred-percent-fullwidth non-hundred-percent-height-scrolling\" style=\"--awb-background-position:left top;--awb-border-radius-top-left:0px;--awb-border-radius-top-right:0px;--awb-border-radius-bottom-right:0px;--awb-border-radius-bottom-left:0px;--awb-padding-top:20px;--awb-padding-bottom:20px;--awb-border-sizes-top:0px;--awb-border-sizes-bottom:0px;--awb-flex-wrap:wrap;\" ><div class=\"fusion-builder-row fusion-row\"><\/div><\/div><div class=\"fusion-fullwidth fullwidth-box fusion-builder-row-5 hundred-percent-fullwidth non-hundred-percent-height-scrolling\" style=\"--awb-border-radius-top-left:0px;--awb-border-radius-top-right:0px;--awb-border-radius-bottom-right:0px;--awb-border-radius-bottom-left:0px;--awb-overflow:visible;--awb-flex-wrap:wrap;\" ><div class=\"fusion-builder-row fusion-row\"><div class=\"fusion-layout-column fusion_builder_column fusion-builder-column-6 fusion_builder_column_1_1 1_1 fusion-one-full fusion-column-first fusion-column-last fusion-column-no-min-height\" style=\"--awb-bg-size:cover;\"><div class=\"fusion-column-wrapper fusion-flex-column-wrapper-legacy\"><div style=\"width: 350px; height: 120px;\"><\/div><div class=\"fusion-clearfix\"><\/div><\/div><\/div><\/div><\/div><\/p>\n","protected":false},"excerpt":{"rendered":"","protected":false},"author":3,"featured_media":0,"parent":0,"menu_order":0,"comment_status":"closed","ping_status":"closed","template":"","meta":{"jetpack_post_was_ever_published":false,"footnotes":""},"class_list":["post-34708","page","type-page","status-publish","hentry"],"jetpack_shortlink":"https:\/\/wp.me\/P7lBbr-91O","jetpack-related-posts":[],"jetpack_sharing_enabled":true,"_links":{"self":[{"href":"https:\/\/jums.academy\/en\/wp-json\/wp\/v2\/pages\/34708","targetHints":{"allow":["GET"]}}],"collection":[{"href":"https:\/\/jums.academy\/en\/wp-json\/wp\/v2\/pages"}],"about":[{"href":"https:\/\/jums.academy\/en\/wp-json\/wp\/v2\/types\/page"}],"author":[{"embeddable":true,"href":"https:\/\/jums.academy\/en\/wp-json\/wp\/v2\/users\/3"}],"replies":[{"embeddable":true,"href":"https:\/\/jums.academy\/en\/wp-json\/wp\/v2\/comments?post=34708"}],"version-history":[{"count":4,"href":"https:\/\/jums.academy\/en\/wp-json\/wp\/v2\/pages\/34708\/revisions"}],"predecessor-version":[{"id":37669,"href":"https:\/\/jums.academy\/en\/wp-json\/wp\/v2\/pages\/34708\/revisions\/37669"}],"wp:attachment":[{"href":"https:\/\/jums.academy\/en\/wp-json\/wp\/v2\/media?parent=34708"}],"curies":[{"name":"wp","href":"https:\/\/api.w.org\/{rel}","templated":true}]}}