{"id":34725,"date":"2020-04-01T07:40:17","date_gmt":"2020-04-01T07:40:17","guid":{"rendered":"https:\/\/jums.academy\/c-j-nowak\/"},"modified":"2021-02-05T08:50:32","modified_gmt":"2021-02-05T08:50:32","slug":"c-j-nowak","status":"publish","type":"page","link":"https:\/\/jums.academy\/en\/c-j-nowak\/","title":{"rendered":"C. J. Nowak"},"content":{"rendered":"<p><div class=\"fusion-fullwidth fullwidth-box fusion-builder-row-1 hundred-percent-fullwidth non-hundred-percent-height-scrolling\" style=\"--awb-border-radius-top-left:0px;--awb-border-radius-top-right:0px;--awb-border-radius-bottom-right:0px;--awb-border-radius-bottom-left:0px;--awb-overflow:visible;--awb-flex-wrap:wrap;\" ><div class=\"fusion-builder-row fusion-row\"><div class=\"fusion-layout-column fusion_builder_column fusion-builder-column-0 fusion_builder_column_1_1 1_1 fusion-one-full fusion-column-first fusion-column-last fusion-column-no-min-height\" style=\"--awb-bg-size:cover;\"><div class=\"fusion-column-wrapper fusion-flex-column-wrapper-legacy\"><div class=\"fusion-layout-column fusion_builder_column fusion-builder-column-1 fusion_builder_column_1_1 1_1 fusion-one-full fusion-column-first fusion-column-last\" style=\"--awb-bg-size:cover;\"><div class=\"fusion-column-wrapper fusion-column-has-shadow fusion-flex-column-wrapper-legacy\"><div class=\"fusion-clearfix\"><\/div><\/div><\/div>\n<div class=\"fusion-clearfix\"><\/div><\/div><\/div><\/div><\/div><div class=\"fusion-fullwidth fullwidth-box fusion-builder-row-2 nonhundred-percent-fullwidth non-hundred-percent-height-scrolling\" style=\"--awb-background-position:left top;--awb-border-radius-top-left:0px;--awb-border-radius-top-right:0px;--awb-border-radius-bottom-right:0px;--awb-border-radius-bottom-left:0px;--awb-padding-top:0px;--awb-padding-bottom:0px;--awb-border-sizes-top:0px;--awb-border-sizes-bottom:0px;--awb-flex-wrap:wrap;\" ><div class=\"fusion-builder-row fusion-row\"><div class=\"fusion-layout-column fusion_builder_column fusion-builder-column-2 fusion_builder_column_1_1 1_1 fusion-one-full fusion-column-first fusion-column-last fusion-column-no-min-height\" style=\"--awb-bg-size:cover;\"><div class=\"fusion-column-wrapper fusion-flex-column-wrapper-legacy\"><div class=\"fusion-text fusion-text-1\"><p data-fontsize=\"18\" data-lineheight=\"24\">Junior Management Science, Volume 4, Issue 4, December 2019, 478-492<\/p>\n<h4 data-fontsize=\"18\" data-lineheight=\"24\"><strong>Der Einfluss digitaler Finanzberatung auf das Anlageverhalten von Privatinvestoren<\/strong><\/h4>\n<p><strong>Carl Justus Nowak, Goethe-Universit\u00e4t Frankfurt am Main (Bachelorarbeit)<\/strong><\/p>\n<\/div><div class=\"fusion-clearfix\"><\/div><\/div><\/div><\/div><\/div><div class=\"fusion-fullwidth fullwidth-box fusion-builder-row-3 hundred-percent-fullwidth non-hundred-percent-height-scrolling\" style=\"--awb-border-radius-top-left:0px;--awb-border-radius-top-right:0px;--awb-border-radius-bottom-right:0px;--awb-border-radius-bottom-left:0px;--awb-margin-top:10px;--awb-flex-wrap:wrap;\" ><div class=\"fusion-builder-row fusion-row\"><div class=\"fusion-layout-column fusion_builder_column fusion-builder-column-3 fusion_builder_column_1_1 1_1 fusion-one-full fusion-column-first fusion-column-last fusion-column-no-min-height\" style=\"--awb-bg-size:cover;\"><div class=\"fusion-column-wrapper fusion-flex-column-wrapper-legacy\"><div class=\"fusion-text fusion-text-2\"><p><strong>Abstract<br \/>\n<\/strong>Diese Arbeit untersucht anhand vorhandener Literatur wie Robo Advisor das Anlageverhalten und die Portfolioperformance von Privatinvestoren im Vergleich zu konventioneller Finanzberatung ver\u00e4ndern. Dabei wird der Einfluss der Empfehlungen von Robo Advisors und konventionellen Beratern bez\u00fcglich der Portfoliomerkmale: Nettorendite, Diversifikation und Personalisierung untersucht. Dar\u00fcber hinaus wird gepr\u00fcft inwiefern die Anlageempfehlungen vorhandene Verhaltensverzerrungen der Privatinvestoren beeinflussen.<\/p>\n<p>Aus der Betrachtung der konventionellen Finanzberatung folgt, dass diese zwar die Diversifikation von Privatinvestoren stark erh\u00f6ht, sie aber die Nettorendite der Investoren durch Geb\u00fchren negativ beeinflusst. Robo Advisor wirken auf den ersten Blick wie das Allheilmittel zur Verbesserung der Finanzberatung, doch auch sie weisen Defizite auf. Zwar f\u00fchren typische Robo Advisor eine Wertpapierallokation in \u00dcbereinstimmung mit der Kapitalmarkttheorie durch, was zu einer hohen Nettorendite und Diversifikation f\u00fchrt, jedoch ist die durchgef\u00fchrte Personalisierung bei Robo Advisors h\u00e4ufig mangelhaft. Die Beratung durch Robo Advisor empfiehlt sich daher vor allem f\u00fcr Personen, welchen bewusst ist, dass sie nur eine standardisierte Anlageempfehlung erhalten. F\u00fcr Privatanleger mit komplexen Finanzstrukturen bleibt eine Beratung durch einen pers\u00f6nlichen Finanzberater daher alternativlos.<\/p>\n<\/div><div class=\"fusion-text fusion-text-3\"><p><em>Keywords: Robo Advisor; Financial Advice Behavioral Bias; Private Investors.<\/em><\/p>\n<\/div><div class=\"fusion-text fusion-text-4\"><p><em>DOI:\u00a0 <a href=\"https:\/\/doi.org\/10.5282\/jums\/v4i4pp478-492\">https:\/\/doi.org\/10.5282\/jums\/v4i4pp478-492<\/a><\/em><\/p>\n<\/div><div class=\"fusion-clearfix\"><\/div><\/div><\/div><div class=\"fusion-layout-column fusion_builder_column fusion-builder-column-4 fusion_builder_column_1_1 1_1 fusion-one-full fusion-column-first fusion-column-last fusion-column-no-min-height\" style=\"--awb-bg-size:cover;\"><div class=\"fusion-column-wrapper fusion-flex-column-wrapper-legacy\"><div style=\"width: 350px; height: 24px; \">\r\n\r\n<\/div><div class=\"fusion-clearfix\"><\/div><\/div><\/div><div class=\"fusion-layout-column fusion_builder_column fusion-builder-column-5 fusion_builder_column_1_1 1_1 fusion-one-full fusion-column-first fusion-column-last fusion-column-no-min-height\" style=\"--awb-bg-size:cover;\"><div class=\"fusion-column-wrapper fusion-flex-column-wrapper-legacy\"><div class=\"fusion-alignright\"><a class=\"fusion-button button-flat fusion-button-default-size button-custom fusion-button-default button-1 fusion-button-default-span fusion-button-default-type\" style=\"--button_accent_color:#ffffff;--button_accent_hover_color:#ffffff;--button_border_hover_color:#96c346;--button_gradient_top_color:#447c4d;--button_gradient_bottom_color:#447c4d;--button_gradient_top_color_hover:#96c346;--button_gradient_bottom_color_hover:#96c346;\" target=\"_blank\" rel=\"noopener noreferrer\" href=\"https:\/\/jums.academy\/wp-content\/uploads\/2020\/02\/BA_Nowak.pdf\"><span class=\"fusion-button-text awb-button__text awb-button__text--default\">Read issue<\/span><\/a><\/div><div class=\"fusion-alignright\"><a class=\"fusion-button button-flat fusion-button-default-size button-custom fusion-button-default button-2 fusion-button-default-span fusion-button-default-type\" style=\"--button_accent_color:#ffffff;--button_accent_hover_color:#ffffff;--button_border_hover_color:#96c346;--button_gradient_top_color:#447c4d;--button_gradient_bottom_color:#447c4d;--button_gradient_top_color_hover:#96c346;--button_gradient_bottom_color_hover:#96c346;\" target=\"_blank\" rel=\"noopener noreferrer\" href=\"https:\/\/jums.academy\/wp-content\/uploads\/2020\/02\/A_Nowak.pdf\"><span class=\"fusion-button-text awb-button__text awb-button__text--default\">Read Appendix<\/span><\/a><\/div><div class=\"fusion-alignright\"><a class=\"fusion-button button-flat fusion-button-default-size button-custom fusion-button-default button-3 fusion-button-default-span fusion-button-default-type\" style=\"--button_accent_color:#ffffff;--button_accent_hover_color:#ffffff;--button_border_hover_color:#96c346;--button_gradient_top_color:#447c4d;--button_gradient_bottom_color:#447c4d;--button_gradient_top_color_hover:#96c346;--button_gradient_bottom_color_hover:#96c346;\" target=\"_blank\" rel=\"noopener noreferrer\" href=\"https:\/\/doi.org\/10.5282\/jums\/v4i4pp478-492\"><span class=\"fusion-button-text awb-button__text awb-button__text--default\">Quote<\/span><\/a><\/div><div class=\"fusion-clearfix\"><\/div><\/div><\/div><\/div><\/div><div class=\"fusion-fullwidth fullwidth-box fusion-builder-row-4 nonhundred-percent-fullwidth non-hundred-percent-height-scrolling\" style=\"--awb-background-position:left top;--awb-border-radius-top-left:0px;--awb-border-radius-top-right:0px;--awb-border-radius-bottom-right:0px;--awb-border-radius-bottom-left:0px;--awb-padding-top:20px;--awb-padding-bottom:20px;--awb-border-sizes-top:0px;--awb-border-sizes-bottom:0px;--awb-flex-wrap:wrap;\" ><div class=\"fusion-builder-row fusion-row\"><\/div><\/div><div class=\"fusion-fullwidth fullwidth-box fusion-builder-row-5 hundred-percent-fullwidth non-hundred-percent-height-scrolling\" style=\"--awb-border-radius-top-left:0px;--awb-border-radius-top-right:0px;--awb-border-radius-bottom-right:0px;--awb-border-radius-bottom-left:0px;--awb-overflow:visible;--awb-flex-wrap:wrap;\" ><div class=\"fusion-builder-row fusion-row\"><div class=\"fusion-layout-column fusion_builder_column fusion-builder-column-6 fusion_builder_column_1_1 1_1 fusion-one-full fusion-column-first fusion-column-last fusion-column-no-min-height\" style=\"--awb-bg-size:cover;\"><div class=\"fusion-column-wrapper fusion-flex-column-wrapper-legacy\"><div style=\"width: 350px; height: 120px;\"><\/div><div class=\"fusion-clearfix\"><\/div><\/div><\/div><\/div><\/div><\/p>\n","protected":false},"excerpt":{"rendered":"","protected":false},"author":3,"featured_media":0,"parent":0,"menu_order":0,"comment_status":"closed","ping_status":"closed","template":"","meta":{"jetpack_post_was_ever_published":false,"footnotes":""},"class_list":["post-34725","page","type-page","status-publish","hentry"],"jetpack_shortlink":"https:\/\/wp.me\/P7lBbr-925","jetpack-related-posts":[],"jetpack_sharing_enabled":true,"_links":{"self":[{"href":"https:\/\/jums.academy\/en\/wp-json\/wp\/v2\/pages\/34725","targetHints":{"allow":["GET"]}}],"collection":[{"href":"https:\/\/jums.academy\/en\/wp-json\/wp\/v2\/pages"}],"about":[{"href":"https:\/\/jums.academy\/en\/wp-json\/wp\/v2\/types\/page"}],"author":[{"embeddable":true,"href":"https:\/\/jums.academy\/en\/wp-json\/wp\/v2\/users\/3"}],"replies":[{"embeddable":true,"href":"https:\/\/jums.academy\/en\/wp-json\/wp\/v2\/comments?post=34725"}],"version-history":[{"count":3,"href":"https:\/\/jums.academy\/en\/wp-json\/wp\/v2\/pages\/34725\/revisions"}],"predecessor-version":[{"id":37668,"href":"https:\/\/jums.academy\/en\/wp-json\/wp\/v2\/pages\/34725\/revisions\/37668"}],"wp:attachment":[{"href":"https:\/\/jums.academy\/en\/wp-json\/wp\/v2\/media?parent=34725"}],"curies":[{"name":"wp","href":"https:\/\/api.w.org\/{rel}","templated":true}]}}