{"id":34846,"date":"2020-04-01T11:41:09","date_gmt":"2020-04-01T11:41:09","guid":{"rendered":"https:\/\/jums.academy\/n-severitt\/"},"modified":"2022-10-17T14:47:50","modified_gmt":"2022-10-17T14:47:50","slug":"n-severitt","status":"publish","type":"page","link":"https:\/\/jums.academy\/en\/n-severitt\/","title":{"rendered":"N. Severitt"},"content":{"rendered":"<p><div class=\"fusion-fullwidth fullwidth-box fusion-builder-row-1 hundred-percent-fullwidth non-hundred-percent-height-scrolling\" style=\"--awb-border-radius-top-left:0px;--awb-border-radius-top-right:0px;--awb-border-radius-bottom-right:0px;--awb-border-radius-bottom-left:0px;--awb-overflow:visible;--awb-flex-wrap:wrap;\" ><div class=\"fusion-builder-row fusion-row\"><div class=\"fusion-layout-column fusion_builder_column fusion-builder-column-0 fusion_builder_column_1_1 1_1 fusion-one-full fusion-column-first fusion-column-last fusion-column-no-min-height\" style=\"--awb-bg-size:cover;\"><div class=\"fusion-column-wrapper fusion-flex-column-wrapper-legacy\"><div class=\"fusion-layout-column fusion_builder_column fusion-builder-column-1 fusion_builder_column_1_1 1_1 fusion-one-full fusion-column-first fusion-column-last\" style=\"--awb-bg-size:cover;\"><div class=\"fusion-column-wrapper fusion-column-has-shadow fusion-flex-column-wrapper-legacy\"><div class=\"fusion-clearfix\"><\/div><\/div><\/div>\n<div class=\"fusion-clearfix\"><\/div><\/div><\/div><\/div><\/div><div class=\"fusion-fullwidth fullwidth-box fusion-builder-row-2 nonhundred-percent-fullwidth non-hundred-percent-height-scrolling\" style=\"--awb-background-position:left top;--awb-border-radius-top-left:0px;--awb-border-radius-top-right:0px;--awb-border-radius-bottom-right:0px;--awb-border-radius-bottom-left:0px;--awb-border-sizes-top:0px;--awb-border-sizes-bottom:0px;--awb-flex-wrap:wrap;\" ><div class=\"fusion-builder-row fusion-row\"><div class=\"fusion-layout-column fusion_builder_column fusion-builder-column-2 fusion_builder_column_1_1 1_1 fusion-one-full fusion-column-first fusion-column-last fusion-column-no-min-height\" style=\"--awb-bg-size:cover;\"><div class=\"fusion-column-wrapper fusion-flex-column-wrapper-legacy\"><div class=\"fusion-text fusion-text-1\"><p>Junior Management Science, Volume 3, Issue 4, December 2018, 81-113<\/p>\n<h4 class=\"title-heading-left\" data-fontsize=\"18\" data-lineheight=\"24\"><strong>International Strategic Emphasis, Marketing Capabilities und Shareholder Value: Die finanziellen Implikationen des Trade-offs zwischen internationaler Wertgenerierung und internationaler Wertsch\u00f6pfung<\/strong><\/h4>\n<p><strong>Nico Severitt, Georg-August-Universit\u00e4t G\u00f6ttingen (Masterarbeit)<\/strong><\/p>\n<\/div><div class=\"fusion-clearfix\"><\/div><\/div><\/div><\/div><\/div><div class=\"fusion-fullwidth fullwidth-box fusion-builder-row-3 hundred-percent-fullwidth non-hundred-percent-height-scrolling\" style=\"--awb-border-radius-top-left:0px;--awb-border-radius-top-right:0px;--awb-border-radius-bottom-right:0px;--awb-border-radius-bottom-left:0px;--awb-margin-top:10px;--awb-flex-wrap:wrap;\" ><div class=\"fusion-builder-row fusion-row\"><div class=\"fusion-layout-column fusion_builder_column fusion-builder-column-3 fusion_builder_column_1_1 1_1 fusion-one-full fusion-column-first fusion-column-last fusion-column-no-min-height\" style=\"--awb-bg-size:cover;\"><div class=\"fusion-column-wrapper fusion-flex-column-wrapper-legacy\"><div class=\"fusion-text fusion-text-2\"><p><strong>Abstract<br \/>\n<\/strong>Das Management multinationaler Unternehmen ist heutzutage mit dynamischen Umweltbedingungen konfrontiert. Der unternehmerische Erfolg auf den internationalen M\u00e4rkten h\u00e4ngt ma\u00dfgeblich von einer effizienten und effektiven Ressourcenallokation ab. Im Zuge dessen m\u00fcssen Trade-off-Entscheidungen zwischen den Strategieoptionen der internationalen Wertgenerierung und der internationalen Wertsch\u00f6pfung getroffen werden. Die Beziehung zwischen der Internationalisierung und der finanziellen Performance eines Unternehmens wird in der Literatur seit 50 Jahren diskutiert. Aus unterschiedlichen methodischen Herangehensweisen resultieren uneindeutige Ergebnisse. F\u00fcr die Operationalisierung internationaler Aktivit\u00e4ten werden insbesondere wertgenerierende und wertsch\u00f6pfende Gr\u00f6\u00dfen herangezogen. Eine Relation zwischen beiden Ma\u00dfen, und damit die Ber\u00fccksichtigung internationaler Trade-off-Entscheidungen, wird jedoch bislang vernachl\u00e4ssigt. Diese Forschungsl\u00fccke wird in der vorliegenden Studie geschlossen, indem der Einfluss des internationalen Strategie-Trade-offs auf den Shareholder Value untersucht wird. Die Studie prognostiziert hier einen negativen Wirkungszusammenhang. Die Vermutung lautet, dass ein positiver Effekt erst durch ausgepr\u00e4gte Innovations- und Vermarktungsf\u00e4higkeiten ausgel\u00f6st werden kann. Der Resource-Based-View, die Theorie der Liabilities of Foreignness und das Konzept der Dynamic Capabilities bilden ein komplement\u00e4res Framework zur Erkl\u00e4rung dieser Wirkungsbeziehungen. Die empirische Untersuchung basiert auf einer Paneldatenanalyse f\u00fcr ein Sample von 1.399 Unternehmen im Untersuchungszeitraum von 1982 bis 2016. F\u00fcr die Modellierung der Wirkungszusammenh\u00e4nge zwischen den Variablen werden Mehrgleichungsmodelle verwendet. Die zentralen Ergebnisse der Studie zeigen, dass der Einfluss des internationalen Strategie-Trade-offs auf den Shareholder Value insignifikant ist. Investoren ziehen internationale Trade-off-Entscheidungen erst dann in Betracht, wenn das Unternehmen \u00fcber Marketing Capabilities verf\u00fcgt. Einer der Forschungsbeitr\u00e4ge dieser Studie ist die Entwicklung einer neuen relevanten Internationalisierungsvariable. Dar\u00fcber hinaus werden Erkenntnisse aus der Internationalisierungsliteratur mit Erkenntnissen aus der Marketingliteratur verkn\u00fcpft. Dabei ist die Relevanz bestimmter Marketingaktivit\u00e4ten f\u00fcr multinationale Unternehmen hervorzuheben. Ferner k\u00f6nnen Managementimplikationen bez\u00fcglich der Kommunikation dieser Marketingaktivit\u00e4ten im Internationalisierungskontext gegeben werden.<\/p>\n<\/div><div class=\"fusion-text fusion-text-3\"><p><em>Keywords:\u00a0Internationalisierung, Marketing, Shareholder Value, Strategischer Trade-Off, Regressionsanalyse<\/em><\/p>\n<\/div><div class=\"fusion-text fusion-text-4\"><p><em>DOI:\u00a0<a href=\"http:\/\/dx.doi.org\/10.5282\/jums\/v3i4pp81-113\">https:\/\/dx.doi.org\/10.5282\/jums\/v3i4pp81-113<\/a><\/em><\/p>\n<\/div><div class=\"fusion-clearfix\"><\/div><\/div><\/div><div class=\"fusion-layout-column fusion_builder_column fusion-builder-column-4 fusion_builder_column_1_1 1_1 fusion-one-full fusion-column-first fusion-column-last fusion-column-no-min-height\" style=\"--awb-bg-size:cover;\"><div class=\"fusion-column-wrapper fusion-flex-column-wrapper-legacy\"><div style=\"width: 350px; height: 24px; \">\r\n\r\n<\/div><div class=\"fusion-clearfix\"><\/div><\/div><\/div><div class=\"fusion-layout-column fusion_builder_column fusion-builder-column-5 fusion_builder_column_1_1 1_1 fusion-one-full fusion-column-first fusion-column-last fusion-column-no-min-height\" style=\"--awb-bg-size:cover;\"><div class=\"fusion-column-wrapper fusion-flex-column-wrapper-legacy\"><div class=\"fusion-alignright\"><a class=\"fusion-button button-flat fusion-button-default-size button-custom fusion-button-default button-1 fusion-button-default-span fusion-button-default-type\" style=\"--button_accent_color:#ffffff;--button_accent_hover_color:#ffffff;--button_border_hover_color:#96c346;--button_gradient_top_color:#447c4d;--button_gradient_bottom_color:#447c4d;--button_gradient_top_color_hover:#96c346;--button_gradient_bottom_color_hover:#96c346;\" target=\"_blank\" rel=\"noopener noreferrer\" href=\"https:\/\/jums.academy\/wp-content\/uploads\/2018\/12\/MA_Severitt.pdf\"><span class=\"fusion-button-text awb-button__text awb-button__text--default\">Read issue<\/span><\/a><\/div><div class=\"fusion-alignright\"><a class=\"fusion-button button-flat fusion-button-default-size button-custom fusion-button-default button-2 fusion-button-default-span fusion-button-default-type\" style=\"--button_accent_color:#ffffff;--button_accent_hover_color:#ffffff;--button_border_hover_color:#96c346;--button_gradient_top_color:#447c4d;--button_gradient_bottom_color:#447c4d;--button_gradient_top_color_hover:#96c346;--button_gradient_bottom_color_hover:#96c346;\" target=\"_blank\" rel=\"noopener noreferrer\" href=\"https:\/\/jums.academy\/wp-content\/uploads\/2018\/12\/A_Severitt.pdf\"><span class=\"fusion-button-text awb-button__text awb-button__text--default\">Read Appendix<\/span><\/a><\/div><div class=\"fusion-alignright\"><a class=\"fusion-button button-flat fusion-button-default-size button-custom fusion-button-default button-3 fusion-button-default-span fusion-button-default-type\" style=\"--button_accent_color:#ffffff;--button_accent_hover_color:#ffffff;--button_border_hover_color:#96c346;--button_gradient_top_color:#447c4d;--button_gradient_bottom_color:#447c4d;--button_gradient_top_color_hover:#96c346;--button_gradient_bottom_color_hover:#96c346;\" target=\"_blank\" rel=\"noopener noreferrer\" href=\"https:\/\/dx.doi.org\/10.5282\/jums\/v3i4pp81-113\"><span class=\"fusion-button-text awb-button__text awb-button__text--default\">Quote<\/span><\/a><\/div><div class=\"fusion-clearfix\"><\/div><\/div><\/div><\/div><\/div><div class=\"fusion-fullwidth fullwidth-box fusion-builder-row-4 hundred-percent-fullwidth non-hundred-percent-height-scrolling\" style=\"--awb-border-radius-top-left:0px;--awb-border-radius-top-right:0px;--awb-border-radius-bottom-right:0px;--awb-border-radius-bottom-left:0px;--awb-overflow:visible;--awb-flex-wrap:wrap;\" ><div class=\"fusion-builder-row fusion-row\"><div class=\"fusion-layout-column fusion_builder_column fusion-builder-column-6 fusion_builder_column_1_1 1_1 fusion-one-full fusion-column-first fusion-column-last fusion-column-no-min-height\" style=\"--awb-bg-size:cover;\"><div class=\"fusion-column-wrapper fusion-flex-column-wrapper-legacy\"><div style=\"width: 350px; height: 120px;\"><\/div><div class=\"fusion-clearfix\"><\/div><\/div><\/div><\/div><\/div><\/p>\n","protected":false},"excerpt":{"rendered":"","protected":false},"author":3,"featured_media":0,"parent":0,"menu_order":0,"comment_status":"closed","ping_status":"closed","template":"","meta":{"jetpack_post_was_ever_published":false,"footnotes":""},"class_list":["post-34846","page","type-page","status-publish","hentry"],"jetpack_shortlink":"https:\/\/wp.me\/P7lBbr-942","jetpack-related-posts":[],"jetpack_sharing_enabled":true,"_links":{"self":[{"href":"https:\/\/jums.academy\/en\/wp-json\/wp\/v2\/pages\/34846","targetHints":{"allow":["GET"]}}],"collection":[{"href":"https:\/\/jums.academy\/en\/wp-json\/wp\/v2\/pages"}],"about":[{"href":"https:\/\/jums.academy\/en\/wp-json\/wp\/v2\/types\/page"}],"author":[{"embeddable":true,"href":"https:\/\/jums.academy\/en\/wp-json\/wp\/v2\/users\/3"}],"replies":[{"embeddable":true,"href":"https:\/\/jums.academy\/en\/wp-json\/wp\/v2\/comments?post=34846"}],"version-history":[{"count":4,"href":"https:\/\/jums.academy\/en\/wp-json\/wp\/v2\/pages\/34846\/revisions"}],"predecessor-version":[{"id":37643,"href":"https:\/\/jums.academy\/en\/wp-json\/wp\/v2\/pages\/34846\/revisions\/37643"}],"wp:attachment":[{"href":"https:\/\/jums.academy\/en\/wp-json\/wp\/v2\/media?parent=34846"}],"curies":[{"name":"wp","href":"https:\/\/api.w.org\/{rel}","templated":true}]}}