{"id":34868,"date":"2020-04-01T11:59:16","date_gmt":"2020-04-01T11:59:16","guid":{"rendered":"https:\/\/jums.academy\/i-krampe\/"},"modified":"2022-10-17T14:47:47","modified_gmt":"2022-10-17T14:47:47","slug":"i-krampe","status":"publish","type":"page","link":"https:\/\/jums.academy\/en\/i-krampe\/","title":{"rendered":"I. Krampe"},"content":{"rendered":"<p><div class=\"fusion-fullwidth fullwidth-box fusion-builder-row-1 hundred-percent-fullwidth non-hundred-percent-height-scrolling\" style=\"--awb-border-radius-top-left:0px;--awb-border-radius-top-right:0px;--awb-border-radius-bottom-right:0px;--awb-border-radius-bottom-left:0px;--awb-overflow:visible;--awb-flex-wrap:wrap;\" ><div class=\"fusion-builder-row fusion-row\"><div class=\"fusion-layout-column fusion_builder_column fusion-builder-column-0 fusion_builder_column_1_1 1_1 fusion-one-full fusion-column-first fusion-column-last fusion-column-no-min-height\" style=\"--awb-bg-size:cover;\"><div class=\"fusion-column-wrapper fusion-flex-column-wrapper-legacy\"><div class=\"fusion-layout-column fusion_builder_column fusion-builder-column-1 fusion_builder_column_1_1 1_1 fusion-one-full fusion-column-first fusion-column-last\" style=\"--awb-bg-size:cover;\"><div class=\"fusion-column-wrapper fusion-column-has-shadow fusion-flex-column-wrapper-legacy\"><div class=\"fusion-clearfix\"><\/div><\/div><\/div>\n<div class=\"fusion-clearfix\"><\/div><\/div><\/div><\/div><\/div><div class=\"fusion-fullwidth fullwidth-box fusion-builder-row-2 nonhundred-percent-fullwidth non-hundred-percent-height-scrolling\" style=\"--awb-background-position:left top;--awb-border-radius-top-left:0px;--awb-border-radius-top-right:0px;--awb-border-radius-bottom-right:0px;--awb-border-radius-bottom-left:0px;--awb-border-sizes-top:0px;--awb-border-sizes-bottom:0px;--awb-flex-wrap:wrap;\" ><div class=\"fusion-builder-row fusion-row\"><div class=\"fusion-layout-column fusion_builder_column fusion-builder-column-2 fusion_builder_column_1_1 1_1 fusion-one-full fusion-column-first fusion-column-last fusion-column-no-min-height\" style=\"--awb-bg-size:cover;\"><div class=\"fusion-column-wrapper fusion-flex-column-wrapper-legacy\"><div class=\"fusion-text fusion-text-1\"><p>Junior Management Science, Volume 3, Issue 3, September 2018, 55-73<\/p>\n<h4 class=\"title-heading-left\" data-fontsize=\"18\" data-lineheight=\"24\"><strong>Besteuerung unternehmensverbundener Stiftungen<\/strong><\/h4>\n<p><strong>Iris Krampe, Westf\u00e4lische Hochschule Gelsenkirchen (Bachelorarbeit)<\/strong><\/p>\n<\/div><div class=\"fusion-clearfix\"><\/div><\/div><\/div><\/div><\/div><div class=\"fusion-fullwidth fullwidth-box fusion-builder-row-3 hundred-percent-fullwidth non-hundred-percent-height-scrolling\" style=\"--awb-border-radius-top-left:0px;--awb-border-radius-top-right:0px;--awb-border-radius-bottom-right:0px;--awb-border-radius-bottom-left:0px;--awb-margin-top:10px;--awb-flex-wrap:wrap;\" ><div class=\"fusion-builder-row fusion-row\"><div class=\"fusion-layout-column fusion_builder_column fusion-builder-column-3 fusion_builder_column_1_1 1_1 fusion-one-full fusion-column-first fusion-column-last fusion-column-no-min-height\" style=\"--awb-bg-size:cover;\"><div class=\"fusion-column-wrapper fusion-flex-column-wrapper-legacy\"><div class=\"fusion-text fusion-text-2\"><p><strong>Abstract<br \/>\n<\/strong>4,3 Mrd. Euro j\u00e4hrliche Stiftungsausgaben f\u00fcr Satzungszwecke. Das entspricht der H\u00f6he des Risikokapitals, das 2017 in Start-Ups in Deutschland investiert wurde.\u201c, tituliert der Bundesverband deutscher Stiftungen. Das zeigt die eindrucksvolle Dimension der Stiftungslandschaft in Deutschland. Die Motivation zur Gr\u00fcndung einer Stiftung kann vielf\u00e4ltige Facetten haben. Meist ist nicht eine einzelne Zielsetzung ausschlaggebend eine Stiftung ins Leben zu rufen. Unternehmensverbundene Stiftungen zeichnen sich dadurch aus, dass ein (enger) Bezug zu einem Unternehmen besteht. So haben einige Unternehmer durch eine Stiftung die M\u00f6glichkeit geschaffen, ihr Lebenswerk auf Dauer zu erhalten. Zu den wohl bekanntesten unternehmensverbundenen Stiftungen z\u00e4hlen beispielsweise die Alfried Krupp von Bohlen und Halbach-Stiftung, die Fritz Thyssen Stiftung oder die Robert Bosch Stiftung. Bei Gr\u00fcndung einer rechtsf\u00e4higen Stiftung ergeben sich f\u00fcr den Stifter Gestaltungsspielr\u00e4ume beim Stiftungszweck, Stiftungsverm\u00f6gen und bei der Stiftungsorganisation. Das Hauptaugenmerk dieser Arbeit liegt in der Analyse der Besteuerung der Stiftungen. Es wird dargelegt, inwiefern die Stiftung bei Errichtung, w\u00e4hrend des Bestehens und bei Aufl\u00f6sung besteuert wird. Zudem liegt der Fokus dieser Arbeit auf den m\u00f6glichen Steuerbeg\u00fcnstigungen und den notwendigen Voraussetzungen hierf\u00fcr, da 95 % aller Stiftungen gemeinn\u00fctzige Zwecke verfolgen. Zuletzt kommt als besondere Gestaltungsform f\u00fcr Unternehmer die Kombination einer privatn\u00fctzigen Familienstiftung mit einer gemeinn\u00fctzigen Stiftung zur sogenannten Doppelstiftung in Betracht.<\/p>\n<\/div><div class=\"fusion-text fusion-text-3\"><p><em>Keywords:\u00a0Unternehmensstiftung, Unternehmensnachfolge, Gemeinn\u00fctzigkeit, Steuerbeg\u00fcnstigungen<\/em><\/p>\n<\/div><div class=\"fusion-text fusion-text-4\"><p><em>DOI:\u00a0<a href=\"https:\/\/dx.doi.org\/10.5282\/jums\/v3i3pp55-73\">https:\/\/dx.doi.org\/10.5282\/jums\/v3i3pp55-73<\/a><\/em><\/p>\n<\/div><div class=\"fusion-clearfix\"><\/div><\/div><\/div><div class=\"fusion-layout-column fusion_builder_column fusion-builder-column-4 fusion_builder_column_1_1 1_1 fusion-one-full fusion-column-first fusion-column-last fusion-column-no-min-height\" style=\"--awb-bg-size:cover;\"><div class=\"fusion-column-wrapper fusion-flex-column-wrapper-legacy\"><div style=\"width: 350px; height: 24px; \">\r\n\r\n<\/div><div class=\"fusion-clearfix\"><\/div><\/div><\/div><div class=\"fusion-layout-column fusion_builder_column fusion-builder-column-5 fusion_builder_column_1_1 1_1 fusion-one-full fusion-column-first fusion-column-last fusion-column-no-min-height\" style=\"--awb-bg-size:cover;\"><div class=\"fusion-column-wrapper fusion-flex-column-wrapper-legacy\"><div class=\"fusion-alignright\"><a class=\"fusion-button button-flat fusion-button-default-size button-custom fusion-button-default button-1 fusion-button-default-span fusion-button-default-type\" style=\"--button_accent_color:#ffffff;--button_accent_hover_color:#ffffff;--button_border_hover_color:#96c346;--button_gradient_top_color:#447c4d;--button_gradient_bottom_color:#447c4d;--button_gradient_top_color_hover:#96c346;--button_gradient_bottom_color_hover:#96c346;\" target=\"_blank\" rel=\"noopener noreferrer\" href=\"https:\/\/jums.academy\/wp-content\/uploads\/2018\/09\/BA_Krampe.pdf\"><span class=\"fusion-button-text awb-button__text awb-button__text--default\">Read issue<\/span><\/a><\/div><div class=\"fusion-alignright\"><a class=\"fusion-button button-flat fusion-button-default-size button-custom fusion-button-default button-2 fusion-button-default-span fusion-button-default-type\" style=\"--button_accent_color:#ffffff;--button_accent_hover_color:#ffffff;--button_border_hover_color:#96c346;--button_gradient_top_color:#447c4d;--button_gradient_bottom_color:#447c4d;--button_gradient_top_color_hover:#96c346;--button_gradient_bottom_color_hover:#96c346;\" target=\"_blank\" rel=\"noopener noreferrer\" href=\"https:\/\/jums.academy\/wp-content\/uploads\/2018\/09\/A_Krampe.pdf\"><span class=\"fusion-button-text awb-button__text awb-button__text--default\">Read Appendix<\/span><\/a><\/div><div class=\"fusion-alignright\"><a class=\"fusion-button button-flat fusion-button-default-size button-custom fusion-button-default button-3 fusion-button-default-span fusion-button-default-type\" style=\"--button_accent_color:#ffffff;--button_accent_hover_color:#ffffff;--button_border_hover_color:#96c346;--button_gradient_top_color:#447c4d;--button_gradient_bottom_color:#447c4d;--button_gradient_top_color_hover:#96c346;--button_gradient_bottom_color_hover:#96c346;\" target=\"_blank\" rel=\"noopener noreferrer\" href=\"https:\/\/dx.doi.org\/10.5282\/jums\/v3i3pp55-73\"><span class=\"fusion-button-text awb-button__text awb-button__text--default\">Quote<\/span><\/a><\/div><div class=\"fusion-clearfix\"><\/div><\/div><\/div><\/div><\/div><div class=\"fusion-fullwidth fullwidth-box fusion-builder-row-4 hundred-percent-fullwidth non-hundred-percent-height-scrolling\" style=\"--awb-border-radius-top-left:0px;--awb-border-radius-top-right:0px;--awb-border-radius-bottom-right:0px;--awb-border-radius-bottom-left:0px;--awb-overflow:visible;--awb-flex-wrap:wrap;\" ><div class=\"fusion-builder-row fusion-row\"><div class=\"fusion-layout-column fusion_builder_column fusion-builder-column-6 fusion_builder_column_1_1 1_1 fusion-one-full fusion-column-first fusion-column-last fusion-column-no-min-height\" style=\"--awb-bg-size:cover;\"><div class=\"fusion-column-wrapper fusion-flex-column-wrapper-legacy\"><div style=\"width: 350px; height: 120px;\"><\/div><div class=\"fusion-clearfix\"><\/div><\/div><\/div><\/div><\/div><\/p>\n","protected":false},"excerpt":{"rendered":"","protected":false},"author":3,"featured_media":0,"parent":0,"menu_order":0,"comment_status":"closed","ping_status":"closed","template":"","meta":{"jetpack_post_was_ever_published":false,"footnotes":""},"class_list":["post-34868","page","type-page","status-publish","hentry"],"jetpack_shortlink":"https:\/\/wp.me\/P7lBbr-94o","jetpack-related-posts":[],"jetpack_sharing_enabled":true,"_links":{"self":[{"href":"https:\/\/jums.academy\/en\/wp-json\/wp\/v2\/pages\/34868","targetHints":{"allow":["GET"]}}],"collection":[{"href":"https:\/\/jums.academy\/en\/wp-json\/wp\/v2\/pages"}],"about":[{"href":"https:\/\/jums.academy\/en\/wp-json\/wp\/v2\/types\/page"}],"author":[{"embeddable":true,"href":"https:\/\/jums.academy\/en\/wp-json\/wp\/v2\/users\/3"}],"replies":[{"embeddable":true,"href":"https:\/\/jums.academy\/en\/wp-json\/wp\/v2\/comments?post=34868"}],"version-history":[{"count":3,"href":"https:\/\/jums.academy\/en\/wp-json\/wp\/v2\/pages\/34868\/revisions"}],"predecessor-version":[{"id":37638,"href":"https:\/\/jums.academy\/en\/wp-json\/wp\/v2\/pages\/34868\/revisions\/37638"}],"wp:attachment":[{"href":"https:\/\/jums.academy\/en\/wp-json\/wp\/v2\/media?parent=34868"}],"curies":[{"name":"wp","href":"https:\/\/api.w.org\/{rel}","templated":true}]}}