{"id":34877,"date":"2020-04-01T12:07:04","date_gmt":"2020-04-01T12:07:04","guid":{"rendered":"https:\/\/jums.academy\/b-guetz\/"},"modified":"2022-10-17T14:47:45","modified_gmt":"2022-10-17T14:47:45","slug":"b-guetz","status":"publish","type":"page","link":"https:\/\/jums.academy\/en\/b-guetz\/","title":{"rendered":"B. Guetz"},"content":{"rendered":"<p><div class=\"fusion-fullwidth fullwidth-box fusion-builder-row-1 hundred-percent-fullwidth non-hundred-percent-height-scrolling\" style=\"--awb-border-radius-top-left:0px;--awb-border-radius-top-right:0px;--awb-border-radius-bottom-right:0px;--awb-border-radius-bottom-left:0px;--awb-overflow:visible;--awb-flex-wrap:wrap;\" ><div class=\"fusion-builder-row fusion-row\"><div class=\"fusion-layout-column fusion_builder_column fusion-builder-column-0 fusion_builder_column_1_1 1_1 fusion-one-full fusion-column-first fusion-column-last fusion-column-no-min-height\" style=\"--awb-bg-size:cover;\"><div class=\"fusion-column-wrapper fusion-flex-column-wrapper-legacy\"><div class=\"fusion-layout-column fusion_builder_column fusion-builder-column-1 fusion_builder_column_1_1 1_1 fusion-one-full fusion-column-first fusion-column-last\" style=\"--awb-bg-size:cover;\"><div class=\"fusion-column-wrapper fusion-column-has-shadow fusion-flex-column-wrapper-legacy\"><div class=\"fusion-clearfix\"><\/div><\/div><\/div>\n<div class=\"fusion-clearfix\"><\/div><\/div><\/div><\/div><\/div><div class=\"fusion-fullwidth fullwidth-box fusion-builder-row-2 nonhundred-percent-fullwidth non-hundred-percent-height-scrolling\" style=\"--awb-background-position:left top;--awb-border-radius-top-left:0px;--awb-border-radius-top-right:0px;--awb-border-radius-bottom-right:0px;--awb-border-radius-bottom-left:0px;--awb-border-sizes-top:0px;--awb-border-sizes-bottom:0px;--awb-flex-wrap:wrap;\" ><div class=\"fusion-builder-row fusion-row\"><div class=\"fusion-layout-column fusion_builder_column fusion-builder-column-2 fusion_builder_column_1_1 1_1 fusion-one-full fusion-column-first fusion-column-last fusion-column-no-min-height\" style=\"--awb-bg-size:cover;\"><div class=\"fusion-column-wrapper fusion-flex-column-wrapper-legacy\"><div class=\"fusion-text fusion-text-1\"><p>Junior Management Science, Volume 3, Issue 3, September 2018, 106-145<\/p>\n<h4><strong>Konzeptualisierung und Operationalisierung von Patientenzufriedenheit mit Haus\u00e4rztinnen und Haus\u00e4rzten<\/strong><\/h4>\n<p><strong>Bernhard Guetz, Alpen-Adria-Universit\u00e4t Klagenfurt (Masterarbeit)<\/strong><\/p>\n<\/div><div class=\"fusion-clearfix\"><\/div><\/div><\/div><\/div><\/div><div class=\"fusion-fullwidth fullwidth-box fusion-builder-row-3 hundred-percent-fullwidth non-hundred-percent-height-scrolling\" style=\"--awb-border-radius-top-left:0px;--awb-border-radius-top-right:0px;--awb-border-radius-bottom-right:0px;--awb-border-radius-bottom-left:0px;--awb-margin-top:10px;--awb-flex-wrap:wrap;\" ><div class=\"fusion-builder-row fusion-row\"><div class=\"fusion-layout-column fusion_builder_column fusion-builder-column-3 fusion_builder_column_1_1 1_1 fusion-one-full fusion-column-first fusion-column-last fusion-column-no-min-height\" style=\"--awb-bg-size:cover;\"><div class=\"fusion-column-wrapper fusion-flex-column-wrapper-legacy\"><div class=\"fusion-text fusion-text-2\"><p><strong>Abstract<br \/>\n<\/strong>In der vorliegenden Arbeit werden verschiedene einflussnehmende Faktoren der Patientenzufriedenheit definiert und unterschiedliche Methoden der Patientenzufriedenheitserhebung dargelegt, wobei der Themenbereich durch umfassende Literaturund Quellenanalyse \u00fcbersichtlich aufbereitet wird. Die Darstellung von Patientenzufriedenheit als eigenst\u00e4ndiges Zufriedenheitskonstrukt, neben individueller Zufriedenheit und Kundenzufriedenheit, begr\u00fcndet sich dadurch, dass das Verh\u00e4ltnis zwischen \u00c4rztinnen \/ \u00c4rzten und Patientinnen \/ Patienten nicht mit einem reinen Konsumerlebnis und nur am Rande mit einem Dienstleistungsprozedere vergleichbar ist. Im Bereich der Faktorbestimmung der Patientenzufriedenheit sind h\u00e4ufig Modelle mit drei \u00dcberkategorien zu finden, wobei in der Regel nur eine dieser Kategorien durch die Haus\u00e4rztin \/ den Hausarzt beeinflussbare Faktoren oder Faktorenb\u00fcndel enth\u00e4lt. Die Definition der beeinflussbaren Patientenzufriedenheitskategorien kann je nach gew\u00e4hltem Forschungsschwerpunkt sehr unterschiedlich ausfallen. H\u00e4ufig genannte und untersuchte Zufriedenheitsdimensionen in dieser Hinsicht sind die empfundenen Methoden- und Fachkenntnisse der behandelnden \u00c4rztin \/ des behandelnden Arztes, die Freundlichkeit des Praxispersonals, die verbale Kommunikation und andere zwischenmenschliche Aspekte. Im Bereich der Patientenzufriedenheitsmessung kann grunds\u00e4tzlich zwischen Methoden der Befragung, Methoden der Beobachtung, experimentellen Forschungsdesigns und dem Einsatz von Onlineressourcen zur Erhebung der Patientenzufriedenheit unterschieden werden. Obwohl nicht jede Erhebungsmethode in jedem Kontext eingesetzt werden kann bzw. sollte, wird durch den Einsatz bestimmter Methoden die Untersuchung expliziter Forschungsschwerpunkte beg\u00fcnstigt. Die gesammelten Ergebnisse zeigen, dass eine Vielzahl unterschiedlicher Erhebungsmethoden im Bereich der Patientenzufriedenheitsmessung mit Haus\u00e4rztinnen und -\u00e4rzten vorteilhaft eingesetzt werden kann, wobei die einflussnehmenden Faktoren, wenn auch unterschiedlich stark ausgepr\u00e4gt, h\u00e4ufig fachliche und zwischenmenschliche Merkmale beinhalten.<\/p>\n<\/div><div class=\"fusion-text fusion-text-3\"><p><em>Keywords:\u00a0Patientenzufriedenheit, Kundenzufriedenheit, Zufriedenheitsmessung, Arzt-Patienten-Beziehung<\/em><\/p>\n<\/div><div class=\"fusion-text fusion-text-4\"><p><em>DOI:\u00a0<a href=\"http:\/\/dx.doi.org\/10.5282\/jums\/v3i3pp106-145\">https:\/\/dx.doi.org\/10.5282\/jums\/v3i3pp106-145<\/a><\/em><\/p>\n<\/div><div class=\"fusion-clearfix\"><\/div><\/div><\/div><div class=\"fusion-layout-column fusion_builder_column fusion-builder-column-4 fusion_builder_column_1_1 1_1 fusion-one-full fusion-column-first fusion-column-last fusion-column-no-min-height\" style=\"--awb-bg-size:cover;\"><div class=\"fusion-column-wrapper fusion-flex-column-wrapper-legacy\"><div style=\"width: 350px; height: 24px; \">\r\n\r\n<\/div><div class=\"fusion-clearfix\"><\/div><\/div><\/div><div class=\"fusion-layout-column fusion_builder_column fusion-builder-column-5 fusion_builder_column_1_1 1_1 fusion-one-full fusion-column-first fusion-column-last fusion-column-no-min-height\" style=\"--awb-bg-size:cover;\"><div class=\"fusion-column-wrapper fusion-flex-column-wrapper-legacy\"><div class=\"fusion-clearfix\"><\/div><\/div><\/div><div class=\"fusion-layout-column fusion_builder_column fusion-builder-column-6 fusion_builder_column_1_1 1_1 fusion-one-full fusion-column-first fusion-column-last fusion-column-no-min-height\" style=\"--awb-bg-size:cover;\"><div class=\"fusion-column-wrapper fusion-flex-column-wrapper-legacy\"><div class=\"fusion-alignright\"><a class=\"fusion-button button-flat fusion-button-default-size button-custom fusion-button-default button-1 fusion-button-default-span fusion-button-default-type\" style=\"--button_accent_color:#ffffff;--button_accent_hover_color:#ffffff;--button_border_hover_color:#96c346;--button_gradient_top_color:#447c4d;--button_gradient_bottom_color:#447c4d;--button_gradient_top_color_hover:#96c346;--button_gradient_bottom_color_hover:#96c346;\" target=\"_blank\" rel=\"noopener noreferrer\" href=\"https:\/\/jums.academy\/wp-content\/uploads\/2018\/09\/MA_Guetz.pdf\"><span class=\"fusion-button-text awb-button__text awb-button__text--default\">Read issue<\/span><\/a><\/div><div class=\"fusion-alignright\"><a class=\"fusion-button button-flat fusion-button-default-size button-custom fusion-button-default button-2 fusion-button-default-span fusion-button-default-type\" style=\"--button_accent_color:#ffffff;--button_accent_hover_color:#ffffff;--button_border_hover_color:#96c346;--button_gradient_top_color:#447c4d;--button_gradient_bottom_color:#447c4d;--button_gradient_top_color_hover:#96c346;--button_gradient_bottom_color_hover:#96c346;\" target=\"_blank\" rel=\"noopener noreferrer\" href=\"https:\/\/jums.academy\/wp-content\/uploads\/2018\/09\/A_Guetz.pdf\"><span class=\"fusion-button-text awb-button__text awb-button__text--default\">Read Appendix<\/span><\/a><\/div><div class=\"fusion-alignright\"><a class=\"fusion-button button-flat fusion-button-default-size button-custom fusion-button-default button-3 fusion-button-default-span fusion-button-default-type\" style=\"--button_accent_color:#ffffff;--button_accent_hover_color:#ffffff;--button_border_hover_color:#96c346;--button_gradient_top_color:#447c4d;--button_gradient_bottom_color:#447c4d;--button_gradient_top_color_hover:#96c346;--button_gradient_bottom_color_hover:#96c346;\" target=\"_blank\" rel=\"noopener noreferrer\" href=\"https:\/\/dx.doi.org\/10.5282\/jums\/v3i3pp106-145\"><span class=\"fusion-button-text awb-button__text awb-button__text--default\">Quote<\/span><\/a><\/div><div class=\"fusion-clearfix\"><\/div><\/div><\/div><\/div><\/div><\/p>\n","protected":false},"excerpt":{"rendered":"","protected":false},"author":3,"featured_media":0,"parent":0,"menu_order":0,"comment_status":"closed","ping_status":"closed","template":"","meta":{"jetpack_post_was_ever_published":false,"footnotes":""},"class_list":["post-34877","page","type-page","status-publish","hentry"],"jetpack_shortlink":"https:\/\/wp.me\/P7lBbr-94x","jetpack-related-posts":[],"jetpack_sharing_enabled":true,"_links":{"self":[{"href":"https:\/\/jums.academy\/en\/wp-json\/wp\/v2\/pages\/34877","targetHints":{"allow":["GET"]}}],"collection":[{"href":"https:\/\/jums.academy\/en\/wp-json\/wp\/v2\/pages"}],"about":[{"href":"https:\/\/jums.academy\/en\/wp-json\/wp\/v2\/types\/page"}],"author":[{"embeddable":true,"href":"https:\/\/jums.academy\/en\/wp-json\/wp\/v2\/users\/3"}],"replies":[{"embeddable":true,"href":"https:\/\/jums.academy\/en\/wp-json\/wp\/v2\/comments?post=34877"}],"version-history":[{"count":3,"href":"https:\/\/jums.academy\/en\/wp-json\/wp\/v2\/pages\/34877\/revisions"}],"predecessor-version":[{"id":37636,"href":"https:\/\/jums.academy\/en\/wp-json\/wp\/v2\/pages\/34877\/revisions\/37636"}],"wp:attachment":[{"href":"https:\/\/jums.academy\/en\/wp-json\/wp\/v2\/media?parent=34877"}],"curies":[{"name":"wp","href":"https:\/\/api.w.org\/{rel}","templated":true}]}}