{"id":34881,"date":"2020-04-01T12:10:35","date_gmt":"2020-04-01T12:10:35","guid":{"rendered":"https:\/\/jums.academy\/s-schaer\/"},"modified":"2022-10-17T14:47:44","modified_gmt":"2022-10-17T14:47:44","slug":"s-schaer","status":"publish","type":"page","link":"https:\/\/jums.academy\/en\/s-schaer\/","title":{"rendered":"S. Schaer"},"content":{"rendered":"<p><div class=\"fusion-fullwidth fullwidth-box fusion-builder-row-1 hundred-percent-fullwidth non-hundred-percent-height-scrolling\" style=\"--awb-border-radius-top-left:0px;--awb-border-radius-top-right:0px;--awb-border-radius-bottom-right:0px;--awb-border-radius-bottom-left:0px;--awb-overflow:visible;--awb-flex-wrap:wrap;\" ><div class=\"fusion-builder-row fusion-row\"><div class=\"fusion-layout-column fusion_builder_column fusion-builder-column-0 fusion_builder_column_1_1 1_1 fusion-one-full fusion-column-first fusion-column-last fusion-column-no-min-height\" style=\"--awb-bg-size:cover;\"><div class=\"fusion-column-wrapper fusion-flex-column-wrapper-legacy\"><div class=\"fusion-layout-column fusion_builder_column fusion-builder-column-1 fusion_builder_column_1_1 1_1 fusion-one-full fusion-column-first fusion-column-last\" style=\"--awb-bg-size:cover;\"><div class=\"fusion-column-wrapper fusion-column-has-shadow fusion-flex-column-wrapper-legacy\"><div class=\"fusion-clearfix\"><\/div><\/div><\/div>\n<div class=\"fusion-clearfix\"><\/div><\/div><\/div><\/div><\/div><div class=\"fusion-fullwidth fullwidth-box fusion-builder-row-2 nonhundred-percent-fullwidth non-hundred-percent-height-scrolling\" style=\"--awb-background-position:left top;--awb-border-radius-top-left:0px;--awb-border-radius-top-right:0px;--awb-border-radius-bottom-right:0px;--awb-border-radius-bottom-left:0px;--awb-border-sizes-top:0px;--awb-border-sizes-bottom:0px;--awb-flex-wrap:wrap;\" ><div class=\"fusion-builder-row fusion-row\"><div class=\"fusion-layout-column fusion_builder_column fusion-builder-column-2 fusion_builder_column_1_1 1_1 fusion-one-full fusion-column-first fusion-column-last fusion-column-no-min-height\" style=\"--awb-bg-size:cover;\"><div class=\"fusion-column-wrapper fusion-flex-column-wrapper-legacy\"><div class=\"fusion-text fusion-text-1\"><p data-fontsize=\"26\" data-lineheight=\"37\">Junior Management Science, Volume 3, Issue 3, September 2018, 146-165<\/p>\n<h4 class=\"title-heading-left\" data-fontsize=\"18\" data-lineheight=\"24\"><strong>State-of-the-Art dynamischer Methoden zur multikriteriellen Entscheidungsunterst\u00fctzung<\/strong><\/h4>\n<p><strong>Sebastian Sch\u00e4r, Georg-August-Universit\u00e4t G\u00f6ttingen (Bachelorarbeit)<\/strong><\/p>\n<\/div><div class=\"fusion-clearfix\"><\/div><\/div><\/div><\/div><\/div><div class=\"fusion-fullwidth fullwidth-box fusion-builder-row-3 hundred-percent-fullwidth non-hundred-percent-height-scrolling\" style=\"--awb-border-radius-top-left:0px;--awb-border-radius-top-right:0px;--awb-border-radius-bottom-right:0px;--awb-border-radius-bottom-left:0px;--awb-margin-top:10px;--awb-flex-wrap:wrap;\" ><div class=\"fusion-builder-row fusion-row\"><div class=\"fusion-layout-column fusion_builder_column fusion-builder-column-3 fusion_builder_column_1_1 1_1 fusion-one-full fusion-column-first fusion-column-last fusion-column-no-min-height\" style=\"--awb-bg-size:cover;\"><div class=\"fusion-column-wrapper fusion-flex-column-wrapper-legacy\"><div class=\"fusion-text fusion-text-2\"><p><strong>Abstract<br \/>\n<\/strong>Die Methoden der multikriteriellen Entscheidungsunterst\u00fctzung (MCDA) bieten die M\u00f6glichkeit eine Vielzahl an Kriterien unterschiedlicher Natur im Zuge der Entscheidungsfindung simultan einzubeziehen. Bestimmte Entscheidungen, insbesondere im strategischen Bereich, zeichnen sich zudem durch eine hohe Komplexit\u00e4t aus, da die zugrundeliegenden Annahmen sowie die Auswirkungen der Entscheidung mit Unsicherheiten behaftet sind.<br \/>\nDas Ziel dieser Arbeit war es, durch ein strukturiertes Literaturreview herauszustellen, welche Ans\u00e4tze zur Erfassung einer solchen dynamischen Entscheidungskomponente es bislang gibt.<br \/>\nZur Identifikation relevanter Literatur wurden themenrelevante, wissenschaftliche Verlage wie ELSEVIER, sowie die EBSCO Datenbank genutzt. Auch Dissertationen, Konferenzberichte sowie vorherige Reviewartikel wurden inkludiert. Insgesamt wurden 60 Zeitschriftenartikel aus 31 verschiedenen Zeitschriften, 6 Konferenz-Paper, 11 Buchquellen und eine Dissertation gefunden. Die Literatur wurde anschlie\u00dfend nach dem zugrundeliegenden Verst\u00e4ndnis der dynamischen Komponente, sowie deren methodischer Erfassung klassifiziert. Hierbei offenbarten sich drei Gruppen von Ans\u00e4tzen Dynamik in die MCDA zu integrieren: (1) Szenario-basierte Ans\u00e4tze, (2) Eine Kombination von MCDA mit Lebenszyklusmodellen (LCA), sowie (3) die direkte Einbeziehung von Dynamik in der Problemformulierung \u00fcber mehrere Datens\u00e4tze (DMCDA).<br \/>\nEin kritischer Vergleich dieser zeigt eine fortgeschrittene Entwicklung mit vielen Anwendungsbeispielen im Forschungsstrang der Szenario-basierten Ans\u00e4tze. Eine Kombination von MCDA mit LCA kommt vor allem in Nachhaltigkeitsfragen und bei der Beurteilung von Energietechnologien zum Einsatz. Das Gebiet der DMCDA-Ans\u00e4tze erweist sich als vergleichsweise j\u00fcngerer Forschungsstrang mit Ansatzpunkten f\u00fcr zuk\u00fcnftige Forschungsvorhaben.<\/p>\n<\/div><div class=\"fusion-text fusion-text-3\"><p><em>Keywords:\u00a0Multikriterielle Entscheidungsunterst\u00fctzung, DMCDA, uncertainty, dynamic decision making, MADM<\/em><\/p>\n<\/div><div class=\"fusion-text fusion-text-4\"><p><em>DOI:\u00a0<a href=\"http:\/\/dx.doi.org\/10.5282\/jums\/v3i3pp146-165\">https:\/\/dx.doi.org\/10.5282\/jums\/v3i3pp146-165<\/a><\/em><\/p>\n<\/div><div class=\"fusion-clearfix\"><\/div><\/div><\/div><div class=\"fusion-layout-column fusion_builder_column fusion-builder-column-4 fusion_builder_column_1_1 1_1 fusion-one-full fusion-column-first fusion-column-last fusion-column-no-min-height\" style=\"--awb-bg-size:cover;\"><div class=\"fusion-column-wrapper fusion-flex-column-wrapper-legacy\"><div style=\"width: 350px; height: 24px; \">\r\n\r\n<\/div><div class=\"fusion-clearfix\"><\/div><\/div><\/div><div class=\"fusion-layout-column fusion_builder_column fusion-builder-column-5 fusion_builder_column_1_1 1_1 fusion-one-full fusion-column-first fusion-column-last fusion-column-no-min-height\" style=\"--awb-bg-size:cover;\"><div class=\"fusion-column-wrapper fusion-flex-column-wrapper-legacy\"><div class=\"fusion-clearfix\"><\/div><\/div><\/div><div class=\"fusion-layout-column fusion_builder_column fusion-builder-column-6 fusion_builder_column_1_1 1_1 fusion-one-full fusion-column-first fusion-column-last fusion-column-no-min-height\" style=\"--awb-bg-size:cover;\"><div class=\"fusion-column-wrapper fusion-flex-column-wrapper-legacy\"><div class=\"fusion-alignright\"><a class=\"fusion-button button-flat fusion-button-default-size button-custom fusion-button-default button-1 fusion-button-default-span fusion-button-default-type\" style=\"--button_accent_color:#ffffff;--button_accent_hover_color:#ffffff;--button_border_hover_color:#96c346;--button_gradient_top_color:#447c4d;--button_gradient_bottom_color:#447c4d;--button_gradient_top_color_hover:#96c346;--button_gradient_bottom_color_hover:#96c346;\" target=\"_blank\" rel=\"noopener noreferrer\" href=\"https:\/\/jums.academy\/wp-content\/uploads\/2018\/10\/BA_Schaer.pdf\"><span class=\"fusion-button-text awb-button__text awb-button__text--default\">Read issue<\/span><\/a><\/div><div class=\"fusion-alignright\"><a class=\"fusion-button button-flat fusion-button-default-size button-custom fusion-button-default button-2 fusion-button-default-span fusion-button-default-type\" style=\"--button_accent_color:#ffffff;--button_accent_hover_color:#ffffff;--button_border_hover_color:#96c346;--button_gradient_top_color:#447c4d;--button_gradient_bottom_color:#447c4d;--button_gradient_top_color_hover:#96c346;--button_gradient_bottom_color_hover:#96c346;\" target=\"_blank\" rel=\"noopener noreferrer\" href=\"https:\/\/jums.academy\/wp-content\/uploads\/2018\/09\/A_Schaer.pdf\"><span class=\"fusion-button-text awb-button__text awb-button__text--default\">Read Appendix<\/span><\/a><\/div><div class=\"fusion-alignright\"><a class=\"fusion-button button-flat fusion-button-default-size button-custom fusion-button-default button-3 fusion-button-default-span fusion-button-default-type\" style=\"--button_accent_color:#ffffff;--button_accent_hover_color:#ffffff;--button_border_hover_color:#96c346;--button_gradient_top_color:#447c4d;--button_gradient_bottom_color:#447c4d;--button_gradient_top_color_hover:#96c346;--button_gradient_bottom_color_hover:#96c346;\" target=\"_blank\" rel=\"noopener noreferrer\" href=\"https:\/\/dx.doi.org\/10.5282\/jums\/v3i3pp146-165\"><span class=\"fusion-button-text awb-button__text awb-button__text--default\">Quote<\/span><\/a><\/div><div class=\"fusion-clearfix\"><\/div><\/div><\/div><\/div><\/div><div class=\"fusion-fullwidth fullwidth-box fusion-builder-row-4 hundred-percent-fullwidth non-hundred-percent-height-scrolling\" style=\"--awb-border-radius-top-left:0px;--awb-border-radius-top-right:0px;--awb-border-radius-bottom-right:0px;--awb-border-radius-bottom-left:0px;--awb-overflow:visible;--awb-flex-wrap:wrap;\" ><div class=\"fusion-builder-row fusion-row\"><div class=\"fusion-layout-column fusion_builder_column fusion-builder-column-7 fusion_builder_column_1_1 1_1 fusion-one-full fusion-column-first fusion-column-last fusion-column-no-min-height\" style=\"--awb-bg-size:cover;\"><div class=\"fusion-column-wrapper fusion-flex-column-wrapper-legacy\"><div style=\"width: 350px; height: 120px;\"><\/div><div class=\"fusion-clearfix\"><\/div><\/div><\/div><\/div><\/div><\/p>\n","protected":false},"excerpt":{"rendered":"","protected":false},"author":3,"featured_media":0,"parent":0,"menu_order":0,"comment_status":"closed","ping_status":"closed","template":"","meta":{"jetpack_post_was_ever_published":false,"footnotes":""},"class_list":["post-34881","page","type-page","status-publish","hentry"],"jetpack_shortlink":"https:\/\/wp.me\/P7lBbr-94B","jetpack-related-posts":[],"jetpack_sharing_enabled":true,"_links":{"self":[{"href":"https:\/\/jums.academy\/en\/wp-json\/wp\/v2\/pages\/34881","targetHints":{"allow":["GET"]}}],"collection":[{"href":"https:\/\/jums.academy\/en\/wp-json\/wp\/v2\/pages"}],"about":[{"href":"https:\/\/jums.academy\/en\/wp-json\/wp\/v2\/types\/page"}],"author":[{"embeddable":true,"href":"https:\/\/jums.academy\/en\/wp-json\/wp\/v2\/users\/3"}],"replies":[{"embeddable":true,"href":"https:\/\/jums.academy\/en\/wp-json\/wp\/v2\/comments?post=34881"}],"version-history":[{"count":3,"href":"https:\/\/jums.academy\/en\/wp-json\/wp\/v2\/pages\/34881\/revisions"}],"predecessor-version":[{"id":37635,"href":"https:\/\/jums.academy\/en\/wp-json\/wp\/v2\/pages\/34881\/revisions\/37635"}],"wp:attachment":[{"href":"https:\/\/jums.academy\/en\/wp-json\/wp\/v2\/media?parent=34881"}],"curies":[{"name":"wp","href":"https:\/\/api.w.org\/{rel}","templated":true}]}}