{"id":54742,"date":"2023-06-29T07:32:06","date_gmt":"2023-06-29T07:32:06","guid":{"rendered":"https:\/\/jums.academy\/e-m-sirakaya\/"},"modified":"2023-06-29T09:16:18","modified_gmt":"2023-06-29T09:16:18","slug":"e-m-sirakaya","status":"publish","type":"page","link":"https:\/\/jums.academy\/en\/e-m-sirakaya\/","title":{"rendered":"E. M. Sirakaya"},"content":{"rendered":"<p><div class=\"fusion-fullwidth fullwidth-box fusion-builder-row-1 hundred-percent-fullwidth non-hundred-percent-height-scrolling\" style=\"--awb-border-radius-top-left:0px;--awb-border-radius-top-right:0px;--awb-border-radius-bottom-right:0px;--awb-border-radius-bottom-left:0px;--awb-overflow:visible;--awb-flex-wrap:wrap;\" ><div class=\"fusion-builder-row fusion-row\"><div class=\"fusion-layout-column fusion_builder_column fusion-builder-column-0 fusion_builder_column_1_1 1_1 fusion-one-full fusion-column-first fusion-column-last fusion-column-no-min-height\" style=\"--awb-bg-size:cover;\"><div class=\"fusion-column-wrapper fusion-flex-column-wrapper-legacy\"><div class=\"accordian fusion-accordian\" style=\"--awb-border-size:1px;--awb-icon-size:13px;--awb-content-font-size:16px;--awb-icon-alignment:left;--awb-hover-color:#f9f9f9;--awb-border-color:#cccccc;--awb-background-color:#ffffff;--awb-divider-color:#e0dede;--awb-divider-hover-color:#e0dede;--awb-icon-color:#000000;--awb-title-color:#333333;--awb-content-color:#333333;--awb-icon-box-color:#333333;--awb-toggle-hover-accent-color:#447c4d;--awb-title-font-family:&quot;Roboto Slab&quot;;--awb-title-font-weight:300;--awb-title-font-style:normal;--awb-title-font-size:16px;--awb-content-font-family:&quot;Roboto Slab&quot;;--awb-content-font-style:normal;--awb-content-font-weight:400;\"><div class=\"panel-group fusion-toggle-icon-unboxed\" id=\"accordion-54742-1\"><div class=\"fusion-panel panel-default panel-e953abc374e9509ef fusion-toggle-no-divider\" style=\"--awb-title-color:#333333;--awb-content-color:#333333;\"><div class=\"panel-heading\"><h4 class=\"panel-title toggle\" id=\"toggle_e953abc374e9509ef\"><a aria-expanded=\"false\" aria-controls=\"e953abc374e9509ef\" role=\"button\" data-toggle=\"collapse\" data-parent=\"#accordion-54742-1\" data-target=\"#e953abc374e9509ef\" href=\"#e953abc374e9509ef\"><span class=\"fusion-toggle-icon-wrapper\" aria-hidden=\"true\"><i class=\"fa-fusion-box active-icon awb-icon-minus\" aria-hidden=\"true\"><\/i><i class=\"fa-fusion-box inactive-icon awb-icon-plus\" aria-hidden=\"true\"><\/i><\/span><span class=\"fusion-toggle-heading\">All published articles sorted by issues<\/span><\/a><\/h4><\/div><div id=\"e953abc374e9509ef\" class=\"panel-collapse collapse \" aria-labelledby=\"toggle_e953abc374e9509ef\"><div class=\"panel-body toggle-content fusion-clearfix\">\n<ul style=\"list-style-type: none;\">\n<!--li><a href=\"https:\/\/jums.academy\/en\/v10i4-3\/\">Junior Management Science, Volume 11, Issue 1, March 2026<\/a><\/li-->\n<li><a href=\"https:\/\/jums.academy\/en\/v10i4\/\">Junior Management Science, Volume 10, Issue 4, December 2025<\/a><\/li>\n<li><a href=\"https:\/\/jums.academy\/en\/v10i3\/\">Junior Management Science, Volume 10, Issue 3, September 2025<\/a><\/li>\n<li><a href=\"https:\/\/jums.academy\/en\/v10i2\/\">Junior Management Science, Volume 10, Issue 2, June 2025<\/a><\/li>\n<li><a href=\"https:\/\/jums.academy\/en\/v10i1\/\">Junior Management Science, Volume 10, Issue 1, March 2025<\/a><\/li>\n<li><a href=\"https:\/\/jums.academy\/en\/v9i4\/\">Junior Management Science, Volume 9, Issue 4, December 2024<\/a><\/li>\n<li><a href=\"https:\/\/jums.academy\/en\/v9i3\/\">Junior Management Science, Volume 9, Issue 3, September 2024<\/a><\/li>\n<li><a href=\"https:\/\/jums.academy\/en\/v9i2\/\">Junior Management Science, Volume 9, Issue 2, June 2024<\/a><\/li>\n<li><a href=\"https:\/\/jums.academy\/en\/v9i1\/\">Junior Management Science, Volume 9, Issue 1, March 2024<\/a><\/li>\n<li><a href=\"https:\/\/jums.academy\/en\/v8i4\/\">Junior Management Science, Volume 8, Issue 4, December 2023<\/a><\/li>\n<li><a href=\"https:\/\/jums.academy\/en\/v8i3\/\">Junior Management Science, Volume 8, Issue 3, September 2023<\/a><\/li>\n<li><a href=\"https:\/\/jums.academy\/en\/v8i2\/\">Junior Management Science, Volume 8, Issue 2, June 2023<\/a><\/li>\n<li><a href=\"https:\/\/jums.academy\/en\/v8i1\/\">Junior Management Science, Volume 8, Issue 1, March 2023<\/a><\/li>\n<li><a href=\"https:\/\/jums.academy\/en\/v7i5\/\">Junior Management Science, Volume 7, Issue 5, December 2022<\/a><\/li>\n<li><a href=\"https:\/\/jums.academy\/en\/v7i4\/\">Junior Management Science, Volume 7, Issue 4, September 2022<\/a><\/li>\n<li><a href=\"https:\/\/jums.academy\/en\/v7i3\/\">Junior Management Science, Volume 7, Issue 3, July 2022<\/a><\/li>\n<li><a href=\"https:\/\/jums.academy\/en\/v7i2\/\">Junior Management Science, Volume 7, Issue 2, June 2022<\/a><\/li>\n<li><a href=\"https:\/\/jums.academy\/en\/v7i1\/\">Junior Management Science, Volume 7, Issue 1, March 2022<\/a><\/li>\n<li><a href=\"https:\/\/jums.academy\/en\/v6i4\/\">Junior Management Science, Volume 6, Issue 4, December 2021<\/a><\/li>\n<li><a href=\"https:\/\/jums.academy\/en\/v6i3\/\">Junior Management Science, Volume 6, Issue 3, September 2021<\/a><\/li>\n<li><a href=\"https:\/\/jums.academy\/en\/v6i2\/\">Junior Management Science, Volume 6, Issue 2, June 2021<\/a><\/li>\n<li><a href=\"https:\/\/jums.academy\/en\/v6i1-2\/\">Junior Management Science, Volume 6, Issue 1, March 2021<\/a><\/li>\n<li><a href=\"https:\/\/jums.academy\/en\/v5i4\/\">Junior Management Science, Volume 5, Issue 4, December 2020<\/a><\/li>\n<li><a href=\"https:\/\/jums.academy\/en\/v5i3\/\">Junior Management Science, Volume 5, Issue 3, September 2020<\/a><\/li>\n<li><a href=\"https:\/\/jums.academy\/en\/v5i2\/\">Junior Management Science, Volume 5, Issue 2, June 2020<\/a><\/li>\n<li><a href=\"https:\/\/jums.academy\/en\/v5i1\/\">Junior Management Science, Volume 5, Issue 1, March 2020<\/a><\/li>\n<li><a href=\"https:\/\/jums.academy\/en\/v4i4\/\">Junior Management Science, Volume 4, Issue 4, December 2019<\/a><\/li>\n<li><a href=\"https:\/\/jums.academy\/en\/v4i3\/\">Junior Management Science, Volume 4, Issue 3, September 2019<\/a><\/li>\n<li><a href=\"https:\/\/jums.academy\/en\/v4i2\/\">Junior Management Science, Volume 4, Issue 2, June 2019<\/a><\/li>\n<li><a href=\"https:\/\/jums.academy\/en\/v4i1\/\">Junior Management Science, Volume 4, Issue 1, March 2019<\/a><\/li>\n<li><a href=\"https:\/\/jums.academy\/en\/v3i4\/\">Junior Management Science, Volume 3, Issue 4, December 2018<\/a><\/li>\n<li><a href=\"https:\/\/jums.academy\/en\/v3i3\/\">Junior Management Science, Volume 3, Issue 3, September 2018<\/a><\/li>\n<li><a href=\"https:\/\/jums.academy\/en\/v3i2\/\">Junior Management Science, Volume 3, Issue 2, June 2018<\/a><\/li>\n<li><a href=\"https:\/\/jums.academy\/en\/v3i1\/\">Junior Management Science, Volume 3, Issue 1, March 2018<\/a><\/li>\n<li><a href=\"https:\/\/jums.academy\/en\/v2i3\/\">Junior Management Science, Volume 2, Issue 3, December 2017<\/a><\/li>\n<li><a href=\"https:\/\/jums.academy\/en\/v2i2\/\">Junior Management Science, Volume 2, Issue 2, September 2017<\/a><\/li>\n<li><a href=\"https:\/\/jums.academy\/en\/v2i1\/\">Junior Management Science, Volume 2, Issue 1, June 2017<\/a><\/li>\n<li><a href=\"https:\/\/jums.academy\/en\/v1i2\/\">Junior Management Science, Volume 1, Issue 2, December 2016<\/a><\/li>\n<li><a href=\"https:\/\/jums.academy\/en\/v1i1\/\">Junior Management Science, Volume 1, Issue 1, June 2016<\/a><\/li>\n<\/ul>\n<\/div><\/div><\/div><\/div><\/div>\n<div class=\"fusion-title title fusion-title-1 sep-underline sep-solid fusion-title-text fusion-title-size-five\" style=\"--awb-margin-top-small:0px;--awb-margin-right-small:0px;--awb-margin-bottom-small:20px;--awb-margin-left-small:0px;--awb-sep-color:#000000;\"><h5 class=\"fusion-title-heading title-heading-left fusion-responsive-typography-calculated\" style=\"margin:0;--fontSize:18;--minFontSize:18;line-height:1.38;\"><\/h5><\/div><div class=\"fusion-clearfix\"><\/div><\/div><\/div><\/div><\/div><div class=\"fusion-fullwidth fullwidth-box fusion-builder-row-2 nonhundred-percent-fullwidth non-hundred-percent-height-scrolling\" style=\"--awb-background-position:left top;--awb-border-sizes-top:0px;--awb-border-sizes-bottom:0px;--awb-border-sizes-left:0px;--awb-border-sizes-right:0px;--awb-border-radius-top-left:0px;--awb-border-radius-top-right:0px;--awb-border-radius-bottom-right:0px;--awb-border-radius-bottom-left:0px;--awb-padding-top:0px;--awb-padding-bottom:0px;--awb-flex-wrap:wrap;\" ><div class=\"fusion-builder-row fusion-row\"><div class=\"fusion-layout-column fusion_builder_column fusion-builder-column-1 fusion_builder_column_1_1 1_1 fusion-one-full fusion-column-first fusion-column-last\" style=\"--awb-bg-size:cover;\"><div class=\"fusion-column-wrapper fusion-flex-column-wrapper-legacy\"><div class=\"fusion-text fusion-text-1\"><p><a name=\"A9\"><\/a><\/p>\n<h5 style=\"text-align: left;\">Bilanzierung von Spielerwerten im deutschen Profi-Fu\u00dfball \u2013 Ein kritischer Vergleich der handelsrechtlichen und IFRS-Rechnungslegung<\/h5>\n<p>Enes Mert Sirakaya, Heinrich-Heine-Universit\u00e4t D\u00fcsseldorf (Masterarbeit)<br \/>\nJunior Management Science 8(2), 2023, 505-531<\/p>\n<\/div><div class=\"accordian fusion-accordian\" style=\"--awb-border-size:1px;--awb-icon-size:13px;--awb-content-font-size:16px;--awb-icon-alignment:left;--awb-hover-color:#f9f9f9;--awb-border-color:#cccccc;--awb-background-color:#ffffff;--awb-divider-color:#e0dede;--awb-divider-hover-color:#e0dede;--awb-icon-color:#ffffff;--awb-title-color:#333333;--awb-content-color:#333333;--awb-icon-box-color:#333333;--awb-toggle-hover-accent-color:#447c4d;--awb-title-font-family:&quot;Roboto Slab&quot;;--awb-title-font-weight:300;--awb-title-font-style:normal;--awb-title-font-size:16px;--awb-content-font-family:&quot;Roboto Slab&quot;;--awb-content-font-style:normal;--awb-content-font-weight:400;\"><div class=\"panel-group fusion-toggle-icon-boxed\" id=\"accordion-54742-2\"><div class=\"fusion-panel panel-default panel-1b82bc4c7ab039ac0 fusion-toggle-no-divider\" style=\"--awb-title-color:#333333;--awb-content-color:#333333;\"><div class=\"panel-heading\"><h4 class=\"panel-title toggle\" id=\"toggle_1b82bc4c7ab039ac0\"><a aria-expanded=\"false\" aria-controls=\"1b82bc4c7ab039ac0\" role=\"button\" data-toggle=\"collapse\" data-parent=\"#accordion-54742-2\" data-target=\"#1b82bc4c7ab039ac0\" href=\"#1b82bc4c7ab039ac0\"><span class=\"fusion-toggle-icon-wrapper\" aria-hidden=\"true\"><i class=\"fa-fusion-box active-icon awb-icon-minus\" aria-hidden=\"true\"><\/i><i class=\"fa-fusion-box inactive-icon awb-icon-plus\" aria-hidden=\"true\"><\/i><\/span><span class=\"fusion-toggle-heading\">Read abstract<\/span><\/a><\/h4><\/div><div id=\"1b82bc4c7ab039ac0\" class=\"panel-collapse collapse \" aria-labelledby=\"toggle_1b82bc4c7ab039ac0\"><div class=\"panel-body toggle-content fusion-clearfix\">\n<p><span data-sheets-value=\"{\" data-sheets-userformat=\"{\">W\u00e4hrend die zentralen Werttreiber klassischer Unternehmen aus Produkten oder Dienstleistungen bestehen, bilden das zentrale Verm\u00f6gen von Fu\u00dfballclubs ihre Spieler. In der bilanzrechtlichen Literatur werden Sportunternehmen nur unzureichend ber\u00fccksichtigt, was die Grundlage dieser Arbeit bildet. Diese Thesis fokussiert sich auf die deutsche Bundesliga. Ziel dieser Arbeit ist es die Frage zu beantworten, ob Fu\u00dfballspieler \u00fcberhaupt bilanziell ansatzf\u00e4hig sind und wie diese zu bewerten sind. Dabei wird das deutsche Handelsrecht den IFRS gegen\u00fcbergestellt. Die Ansatzkriterien und Bewertungsvorschriften beider Standards werden erarbeitet, ehe eine literaturbasierte Subsumtion unter Anbetracht der unterschiedlichen Ziele der Standards erfolgt. Die Ergebnisse zeigen, dass der Ansatz von Spielerwerten nach Handelsrecht umstrittener ist als nach den IFRS und bei der Bewertung wichtige Unterschiede bei Leihgesch\u00e4ften und Spielerverk\u00e4ufen bestehen. Ferner erweist sich die Nutzbarkeit und Ermittlung des Fair Values von Fu\u00dfballspielern nach den vorrangigen Verfahren der Standards als schwierig. Die Literatur sollte sich daher st\u00e4rker mit Modellen f\u00fcr die Ermittlung des Fair Values von Fu\u00dfballspielern besch\u00e4ftigen, da hier kein g\u00e4ngiges Verfahren existiert und ein Nutzen f\u00fcr mehrere Zwecke gegeben w\u00e4re.<\/span><\/p>\n<\/div><\/div><\/div><\/div><\/div><div class=\"fusion-text fusion-text-2\"><p><em>Keywords: Fu\u00dfballclub; Fu\u00dfballspieler; Bundesliga; Ansatz; Bewertung.<\/em><\/p>\n<\/div><div class=\"fusion-text fusion-text-3\"><p><em>DOI: <a href=\"https:\/\/doi.org\/10.5282\/jums\/v8i2pp505-531\">https:\/\/doi.org\/10.5282\/jums\/v8i2pp505-531<\/a><\/em><\/p>\n<\/div><div class=\"fusion-alignright\"><a class=\"fusion-button button-flat fusion-button-default-size button-custom fusion-button-default button-1 fusion-button-default-span fusion-button-default-type\" style=\"--button_accent_color:#ffffff;--button_accent_hover_color:#ffffff;--button_border_hover_color:#96c346;--button_gradient_top_color:#447c4d;--button_gradient_bottom_color:#447c4d;--button_gradient_top_color_hover:#96c346;--button_gradient_bottom_color_hover:#96c346;\" target=\"_blank\" rel=\"noopener noreferrer\" href=\"https:\/\/jums.academy\/wp-content\/uploads\/2023\/06\/MA_Sirakaya.pdf\"><span class=\"fusion-button-text awb-button__text awb-button__text--default\">Read article<\/span><\/a><\/div><div class=\"fusion-alignright\"><a class=\"fusion-button button-flat fusion-button-default-size button-custom fusion-button-default button-2 fusion-button-default-span fusion-button-default-type\" style=\"--button_accent_color:#ffffff;--button_accent_hover_color:#ffffff;--button_border_hover_color:#96c346;--button_gradient_top_color:#447c4d;--button_gradient_bottom_color:#447c4d;--button_gradient_top_color_hover:#96c346;--button_gradient_bottom_color_hover:#96c346;\" target=\"_blank\" rel=\"noopener noreferrer\" href=\"https:\/\/jums.academy\/wp-content\/uploads\/2023\/06\/A_Sirakaya.pdf\"><span class=\"fusion-button-text awb-button__text awb-button__text--default\">Read appendix<\/span><\/a><\/div><div class=\"fusion-alignright\"><a class=\"fusion-button button-flat fusion-button-default-size button-custom fusion-button-default button-3 fusion-button-default-span fusion-button-default-type\" style=\"--button_accent_color:#ffffff;--button_accent_hover_color:#ffffff;--button_border_hover_color:#96c346;--button_gradient_top_color:#447c4d;--button_gradient_bottom_color:#447c4d;--button_gradient_top_color_hover:#96c346;--button_gradient_bottom_color_hover:#96c346;\" target=\"_blank\" rel=\"noopener noreferrer\" href=\"https:\/\/doi.org\/10.5282\/jums\/v8i2pp505-531\"><span class=\"fusion-button-text awb-button__text awb-button__text--default\">Cite article<\/span><\/a><\/div><div class=\"fusion-text fusion-text-4\" style=\"--awb-line-height:0.1;\"><p style=\"text-align: right; margin-top: 25px;\"><a href=\"https:\/\/jums.academy\/E-M-Sirakaya\/\">Zur Artikel-Seite<\/a><\/p>\n<\/div><div style=\"width: 2px; height: 20px;\"><\/div><div class=\"fusion-sep-clear\"><\/div><div class=\"fusion-separator fusion-full-width-sep\" style=\"margin-left: auto;margin-right: auto;width:100%;\"><div class=\"fusion-separator-border sep-single sep-solid\" style=\"--awb-height:20px;--awb-amount:20px;border-color:#e0dede;border-top-width:1px;\"><\/div><\/div><div class=\"fusion-sep-clear\"><\/div><div class=\"fusion-clearfix\"><\/div><\/div><\/div>\n<\/div><\/div><div class=\"fusion-fullwidth fullwidth-box fusion-builder-row-3 hundred-percent-fullwidth non-hundred-percent-height-scrolling\" style=\"--awb-border-radius-top-left:0px;--awb-border-radius-top-right:0px;--awb-border-radius-bottom-right:0px;--awb-border-radius-bottom-left:0px;--awb-overflow:visible;--awb-flex-wrap:wrap;\" ><div class=\"fusion-builder-row fusion-row\"><div class=\"fusion-layout-column fusion_builder_column fusion-builder-column-2 fusion_builder_column_1_1 1_1 fusion-one-full fusion-column-first fusion-column-last fusion-column-no-min-height\" style=\"--awb-bg-size:cover;\"><div class=\"fusion-column-wrapper fusion-flex-column-wrapper-legacy\"><div style=\"width: 350px; height: 120px; \">\r\n\r\n<\/div><div class=\"fusion-clearfix\"><\/div><\/div><\/div><\/div><\/div><\/p>\n","protected":false},"excerpt":{"rendered":"","protected":false},"author":2071,"featured_media":0,"parent":0,"menu_order":0,"comment_status":"closed","ping_status":"closed","template":"","meta":{"jetpack_post_was_ever_published":false,"footnotes":""},"class_list":["post-54742","page","type-page","status-publish","hentry"],"jetpack_shortlink":"https:\/\/wp.me\/P7lBbr-eeW","jetpack-related-posts":[],"jetpack_sharing_enabled":true,"_links":{"self":[{"href":"https:\/\/jums.academy\/en\/wp-json\/wp\/v2\/pages\/54742","targetHints":{"allow":["GET"]}}],"collection":[{"href":"https:\/\/jums.academy\/en\/wp-json\/wp\/v2\/pages"}],"about":[{"href":"https:\/\/jums.academy\/en\/wp-json\/wp\/v2\/types\/page"}],"author":[{"embeddable":true,"href":"https:\/\/jums.academy\/en\/wp-json\/wp\/v2\/users\/2071"}],"replies":[{"embeddable":true,"href":"https:\/\/jums.academy\/en\/wp-json\/wp\/v2\/comments?post=54742"}],"version-history":[{"count":1,"href":"https:\/\/jums.academy\/en\/wp-json\/wp\/v2\/pages\/54742\/revisions"}],"predecessor-version":[{"id":54743,"href":"https:\/\/jums.academy\/en\/wp-json\/wp\/v2\/pages\/54742\/revisions\/54743"}],"wp:attachment":[{"href":"https:\/\/jums.academy\/en\/wp-json\/wp\/v2\/media?parent=54742"}],"curies":[{"name":"wp","href":"https:\/\/api.w.org\/{rel}","templated":true}]}}